
{"id":14,"date":"2008-01-22T14:36:29","date_gmt":"2008-01-22T12:36:29","guid":{"rendered":"http:\/\/www.depo.pl\/wordpress\/?page_id=14"},"modified":"2008-01-23T01:52:14","modified_gmt":"2008-01-22T23:52:14","slug":"miroslwa-pawlowski-biogram","status":"publish","type":"page","link":"https:\/\/www.depo.pl\/?page_id=14","title":{"rendered":"Miros\u0142aw Paw\u0142owski &#8211; biogram"},"content":{"rendered":"<p style=\"margin-bottom: 0cm; line-height: 120%; page-break-inside: avoid; widows: 0; orphans: 0\">&nbsp;<\/p>\n<p class=\"j\">&nbsp;<\/p>\n<p style=\"margin-bottom: 0cm\" lang=\"cs-CZ\">&nbsp;<\/p>\n<p style=\"margin-bottom: 0cm\">&nbsp;<\/p>\n<p style=\"margin-bottom: 0cm\">&nbsp;<\/p>\n<p style=\"margin-bottom: 0cm\"><font face=\"Times New Roman CE\"><font size=\"2\"><strong>Miros\u0142aw <\/strong><\/font><\/font><font face=\"Times New Roman CE\"><font size=\"2\"><span lang=\"cs-CZ\"><strong>Paw\u0142owski<\/strong><\/span><\/font><\/font><\/p>\n<p style=\"margin-bottom: 0cm\"><font face=\"Times New Roman CE\"><font size=\"2\">60-195 Pozna\u0144, Makuszy\u0144skiego 32<\/font><\/font><\/p>\n<p style=\"margin-bottom: 0cm\"><font face=\"Times New Roman CE\"><font size=\"2\">tel. 601 26 85 95<\/font><\/font><\/p>\n<p style=\"margin-bottom: 0cm\"><font face=\"Times New Roman CE\"><font size=\"2\"><span lang=\"cs-CZ\">E-mail<\/span><\/font><\/font><font face=\"Times New Roman CE\"><font size=\"2\">: <\/font><\/font><font face=\"Times New Roman CE\"><font size=\"2\"><span lang=\"cs-CZ\">m<\/span><\/font><\/font><font face=\"Times New Roman CE\"><font size=\"2\">&#8211;<\/font><\/font><font color=\"#0000ff\"><a href=\"mailto:miras57@poczta.onet.pl\"><font color=\"#000000\"><font face=\"Times New Roman CE\"><font size=\"2\"><span style=\"text-decoration: none\">pawlowski<\/span><\/font><\/font><\/font><\/a><\/font><font face=\"Times New Roman CE\"><font size=\"2\">( at) tlen.pl<\/font><\/font><\/p>\n<p style=\"margin-bottom: 0cm\"><font face=\"Times New Roman CE\"><font size=\"2\">Urodzony 8 lutego 1957 roku w Drezdenku. Studia w PWSSP w Poznaniu w latach 1976-1981. Dyplom z wyr\u00f3\u017cnieniem w 1981 roku. W 1984 otrzyma\u0142 stypendium zagraniczne PWSSP im. M. Dokowicz za najlepszy dyplom w 1981 roku.<\/font><\/font><\/p>\n<p style=\"margin-bottom: 0cm\"><font face=\"Times New Roman CE\"><font size=\"2\">Od 1982 pedagog w Zak\u0142adzie Grafiki na Wydziale Sztuk Pi\u0119knych UMK w Toruniu. Od 1995 prowadzi Pracowni\u0119 Serigrafii na ASP w Poznaniu. W latach 1996-1999 kierownik Katedry Grafiki ASP w Poznaniu, 1999-2002 prodziekan i dziekan Wydzia\u0142u Malarstwa, Grafiki i Rze\u017aby ASP w Poznaniu. Obecnie pe\u0142ni funkcj\u0119 dziekana Wydzia\u0142u Grafiki. Profesor.<\/font><\/font><\/p>\n<p style=\"margin-bottom: 0cm\"><font face=\"Times New Roman CE\"><font size=\"2\">Wsp\u00f3\u0142organizator Og\u00f3lnopolskiego Biennale Grafiki Studenckiej w Poznaniu, uczestnik (Impact 3 Helsinki \u2013 Finlandia) i organizator Mi\u0119dzynarodowej Konferencji Grafik\u00f3w IMPACT 4 \u2013 Kontakt Pozna\u0144-Berlin 2005, juror 8 Quadriennale Drzeworytu Polskiego w Olsztynie 2003, Kurator Mi\u0119dzynarodowego Triennale Grafiki \u201eKolor <\/font><\/font><font face=\"Times New Roman CE\"><font size=\"2\"><span lang=\"cs-CZ\">w<\/span><\/font><\/font><font face=\"Times New Roman CE, Times New Roman CE\"><font size=\"2\"> Grafice\u201d \u2013 Toru\u0144 2003 i 2006, Cz\u0142onek Komitetu Organizacyjnego i juror Triennale Grafiki Polskiej w Katowicach 2006.<\/font><\/font><\/p>\n<p style=\"margin-bottom: 0cm\"><font face=\"Times New Roman CE, Times New Roman CE\"><font size=\"2\"><strong>2007<\/strong><br \/>\nKurator Konkursu im. Chodowieckiego w Sopocie, 2007<\/font><\/font><\/p>\n<p style=\"margin-bottom: 0cm\"><font face=\"Times New Roman CE, Times New Roman CE\"><font size=\"2\">Kurator \u201eEastern European Print Exhibition Trans_Grafika\u201d, Seul (Korea Pld.)<\/font><\/font><\/p>\n<p style=\"margin-bottom: 0cm\"><font face=\"Times New Roman CE, Times New Roman CE\"><font size=\"2\">Kurator wystawy \u201eColour in Graphic Art\u201d, Saloniki Grecja<\/font><\/font><\/p>\n<p style=\"margin-bottom: 0cm\"><font face=\"Times New Roman CE, Times New Roman CE\"><font size=\"2\">Organizator wystawy \u201eTRANS_GRAPHIC \u2013 Polish Prints\u201d w ramach Mi\u0119dzynarodowej Konferencji Grafik\u00f3w IMPACT 5 w Tallinie Estonia.<font face=\"Times New Roman CE\"> <\/font><\/font><\/font><\/p>\n<p style=\"margin-bottom: 0cm\"><font face=\"Times New Roman CE, Times New Roman CE\"><font size=\"2\">W latach 1983-2007 zorganizowa\u0142 51 wystaw indywidualnych grafiki oraz bra\u0142 udzia\u0142 w 175 wystawach zbiorowych w kraju i zagranic\u0105.<\/font><\/font><\/p>\n<p><font face=\"Times New Roman CE, Times New Roman CE\"><strong>Nagrody i wyr\u00f3\u017cnienia<\/strong><\/font><\/p>\n<p style=\"margin-bottom: 0cm\" lang=\"cs-CZ\">&nbsp;<\/p>\n<p style=\"margin-bottom: 0cm\"><font face=\"Times New Roman CE, Times New Roman CE\">1983 \t&#8211; Nagroda III stopnia Rektora UMK w Toruniu za dzia\u0142alno\u015b\u0107 artystyczn\u0105<\/font><\/p>\n<p style=\"text-indent: 1.25cm; margin-bottom: 0cm\"><font face=\"Times New Roman CE, Times New Roman CE\">&#8211; Elfde Biennale van de Kleingrafiek, Sint Niklaas Belgia, <\/font><font face=\"Times New Roman CE, Times New Roman CE\"><em>nagroda w dziale wypuk\u0142odruku<\/em><\/font><\/p>\n<p style=\"margin-bottom: 0cm\"><font face=\"Times New Roman CE, Times New Roman CE\">1984 \t&#8211; 5 Og\u00f3lnopolska Wystawa M\u0142odej Grafiki BWA Pozna\u0144, nagroda \u2013 stypendium tw\u00f3rcze MKiSZ.<\/font><\/p>\n<p style=\"margin-left: 1.25cm; margin-bottom: 0cm\"><font face=\"Times New Roman CE, Times New Roman CE\">&#8211; Stypendium zagraniczne PWSSP im. M. Dokowicz za najlepszy dyplom 1981 roku.<\/font><\/p>\n<p style=\"margin-left: 0.75cm; text-indent: 0.5cm; margin-bottom: 0cm\"> <font face=\"Times New Roman CE, Times New Roman CE\">&#8211; Stypendium 2-letnie MkiSZ dla m\u0142odych tw\u00f3rc\u00f3w<\/font><\/p>\n<p style=\"margin-bottom: 0cm\"><font face=\"Times New Roman CE, Times New Roman CE\">1985 \t&#8211; Konkurs Plastyczny im. B. Jamonnta KMPiK Toru\u0144, wyr\u00f3\u017cnienie w dziale rysunku<\/font><\/p>\n<p style=\"margin-bottom: 0cm\">         <font face=\"Times New Roman CE, Times New Roman CE\">\t&#8211; M\u0142odzi na rzecz pokoju, BWA Toru\u0144 \u2013 II nagroda za plakat<\/font><\/p>\n<p style=\"margin-bottom: 0cm\"><font face=\"Times New Roman CE, Times New Roman CE\">1986 \t&#8211; 9 Konkurs na <\/font><font face=\"Times New Roman CE, Times New Roman CE\"><span lang=\"cs-CZ\">grafik\u0119<\/span><\/font><font face=\"Times New Roman CE, Times New Roman CE\">, BWA \u0141\u00f3d\u017a \u2013 wyr\u00f3\u017cnienie<\/font><\/p>\n<p style=\"margin-bottom: 0cm\">         <font face=\"Times New Roman CE, Times New Roman CE\">\t&#8211; I Konkurs graficzny im. A. Raka, BWA Katowice \u2013 III nagroda<\/font><\/p>\n<p style=\"margin-bottom: 0cm\">        <font face=\"Times New Roman CE, Times New Roman CE\">\t&#8211; O pok\u00f3j dla kraju i \u015bwiata, BWA Szczecin \u2013 II nagroda<\/font><\/p>\n<p style=\"margin-bottom: 0cm\">         <font face=\"Times New Roman CE, Times New Roman CE\">\t&#8211; XI Mi\u0119dzynarodowe Biennale Grafiki, BWA Krak\u00f3w \u2013 nagroda <\/font><font face=\"Times New Roman CE, Times New Roman CE\"><span lang=\"cs-CZ\">regulaminowa SBWA<\/span><\/font><\/p>\n<p style=\"margin-bottom: 0cm\">         <font face=\"Times New Roman CE, Times New Roman CE\">\t&#8211; 2-letnie stypendium MKiSZ <\/font><\/p>\n<p style=\"margin-bottom: 0cm\"><font face=\"Times New Roman CE, Times New Roman CE\">1987 \t&#8211; II Konkurs graficzny im. A. Raka, BWA Katowice \u2013 III nagroda<\/font><\/p>\n<p style=\"margin-bottom: 0cm\">         <font face=\"Times New Roman CE, Times New Roman CE\">\t&#8211; Nagroda III stopnia Rektora UMK w Toruniu <\/font><\/p>\n<p style=\"margin-bottom: 0cm\"><font face=\"Times New Roman CE, Times New Roman CE\">1990 \t&#8211; Biennale Grafiki \u201eWobec warto\u015bci\u201d, Katowice Muzeum Archidiecezjalne \u2013 Nagroda Komitetu Kultury      Niezale\u017cnej<\/font><\/p>\n<p style=\"margin-bottom: 0cm\">         <font face=\"Times New Roman CE, Times New Roman CE\">\t&#8211; roczne stypendium MKiSZ<\/font><\/p>\n<p style=\"margin-bottom: 0cm\"><font face=\"Times New Roman CE, Times New Roman CE\">1991 \t&#8211; Nagroda II stopnia Rektora UMK w Toruniu za dzia\u0142alno\u015b\u0107 artystyczn\u0105<\/font><\/p>\n<p style=\"margin-bottom: 0cm\"><font face=\"Times New Roman CE, Times New Roman CE\">1994 \t&#8211; 13 Wystawa Og\u00f3lnopolska Grafiki, BWA \u0141\u00f3d\u017a \u2013 wyr\u00f3\u017cnienie<\/font><\/p>\n<p style=\"margin-bottom: 0cm\"><font face=\"Times New Roman CE, Times New Roman CE\">1996 \t&#8211; 14 Wystawa Og\u00f3lnopolska Grafiki, BWA \u0141\u00f3d\u017a \u2013 nagroda Wojewody Pozna\u0144skiego<\/font><\/p>\n<p style=\"margin-bottom: 0cm\"><font face=\"Times New Roman CE, Times New Roman CE\">1998 \t&#8211; Nagroda II stopnia Rektora UMK w Toruniu za dzia\u0142alno\u015b\u0107 artystyczn\u0105<\/font><\/p>\n<p style=\"margin-bottom: 0cm\">         <font face=\"Times New Roman CE, Times New Roman CE\">\t&#8211; Nagroda I stopnia Rektora ASP w Poznaniu za dzia\u0142alno\u015b\u0107 artystyczn\u0105 i dydaktyczn\u0105<\/font><\/p>\n<p style=\"margin-left: 0.79cm; text-indent: 0.46cm; margin-bottom: 0cm\"> <font face=\"Times New Roman CE, Times New Roman CE\">&#8211; 15 Wystawa Og\u00f3lnopolska Grafiki, BWA \u0141\u00f3d\u017a \u2013 nagroda Wojewody Pozna\u0144skiego<\/font><\/p>\n<p style=\"margin-bottom: 0cm\"><font face=\"Times New Roman CE, Times New Roman CE\">1999 \t&#8211; Nagroda indywidualna Rektora ASP w Poznaniu za dzia\u0142alno\u015b\u0107 artystyczn\u0105 i dydaktyczn\u0105<\/font><\/p>\n<p style=\"margin-left: 0.75cm; text-indent: 0.5cm; margin-bottom: 0cm\"> <font face=\"Times New Roman CE, Times New Roman CE\">&#8211; Nagroda zespo\u0142owa Rektora ASP w Poznaniu za dzia\u0142alno\u015b\u0107 dydaktyczn\u0105<\/font><\/p>\n<p style=\"margin-bottom: 0cm\"><font face=\"Times New Roman CE, Times New Roman CE\">2000 \t&#8211; Nagroda indywidualna I stopnia Rektora ASP w Poznaniu <\/font><\/p>\n<p style=\"margin-bottom: 0cm\"><font face=\"Times New Roman CE, Times New Roman CE\"><span lang=\"cs-CZ\">2002<\/span><\/font><font face=\"Times New Roman CE, Times New Roman CE\">\t&#8211; Nagroda indywidualna Rektora ASP w Poznaniu za dzia\u0142alno\u015b\u0107 artystyczn\u0105 i dydaktyczn\u0105<\/font><\/p>\n<p style=\"margin-bottom: 0cm\"><font face=\"Times New Roman CE, Times New Roman CE\">\t&#8211; Nagroda indywidualna II stopnia Rektora UMK w Toruniu za dzia\u0142alno\u015b\u0107 artystyczn\u0105<\/font><\/p>\n<p style=\"margin-bottom: 0cm\"><font face=\"Times New Roman CE, Times New Roman CE\"><span lang=\"cs-CZ\">2004 \t&#8211; Nagroda<\/span><\/font><font face=\"Times New Roman CE, Times New Roman CE\"> <\/font><font face=\"Times New Roman CE, Times New Roman CE\"><span lang=\"cs-CZ\">III<\/span><\/font><font face=\"Times New Roman CE, Times New Roman CE\"> stopnia Rektora <\/font><font face=\"Times New Roman CE, Times New Roman CE\"><span lang=\"cs-CZ\">ASP w Poznaniu<\/span><\/font><\/p>\n<p style=\"margin-bottom: 0cm\"><font face=\"Times New Roman CE, Times New Roman CE\"><span lang=\"cs-CZ\">2005 \t&#8211; Nagroda<\/span><\/font><font face=\"Times New Roman CE, Times New Roman CE\"> <\/font><font face=\"Times New Roman CE, Times New Roman CE\"><span lang=\"cs-CZ\">III<\/span><\/font><font face=\"Times New Roman CE, Times New Roman CE\"> stopnia Rektora <\/font><font face=\"Times New Roman CE, Times New Roman CE\"><span lang=\"cs-CZ\">ASP w Poznaniu<\/span><\/font><\/p>\n<p style=\"margin-bottom: 0cm\"><font face=\"Times New Roman CE, Times New Roman CE\"><span lang=\"cs-CZ\">2006\t&#8211; Nagroda Specjalna Rektora ASP w Krakowie, <\/span><\/font><font face=\"Times New Roman CE, Times New Roman CE\">Mi\u0119dzynarodowe Biennale Grafiki<\/font><font face=\"Times New Roman CE, Times New Roman CE\"><span lang=\"cs-CZ\"> w Krakowie<\/span><\/font><\/p>\n<p style=\"margin-left: 1.25cm; text-indent: -1.25cm; margin-bottom: 0cm\"> <font face=\"Times New Roman CE, Times New Roman CE\"><span lang=\"cs-CZ\"> &#8211; Wyr\u00f3\u017cnienie w 47. Konkursie PTWK Najpi\u0119kniejsze Ksi\u0105\u017cki Roku 2006 za projekt graficzny albumu \u201eJan Berdyszak. Prace 1960-2006\u201c<\/span><\/font><\/p>\n<p style=\"margin-left: 1.25cm; text-indent: -1.25cm; margin-bottom: 0cm\"> <font face=\"Times New Roman CE, Times New Roman CE\"><span lang=\"cs-CZ\">2007 \t<\/span><\/font>&#8211; IX konkurs na najpi\u0119kniejsz\u0105 ksi\u0105\u017ck\u0119 roku o Nagrod\u0119 im. J\u00f3zefa \u0141ukaszewicza, I nagroda za \u201eJan Berdyszak. Prace 1960-2006\u201d. Wyd. Galeria miejska Arsena\u0142. Biblioteka Raczy\u0144skich w Poznaniu<\/p>\n<p style=\"margin-left: 1.25cm; text-indent: -1.25cm; margin-bottom: 0cm\"> <font face=\"Times New Roman CE, Times New Roman CE\"><span lang=\"cs-CZ\">\t&#8211; <\/span><\/font><font face=\"Times New Roman CE, Times New Roman CE\">Nagroda Specjalna Jury za opracowanie graficzne \u201ePodr\u0119cznika Grafiki Warsztatowej\u201d <\/font><font face=\"Times New Roman CE, Times New Roman CE\">w Og\u00f3lnopolskim Konkursie Podrecznik\u00f3w Akademickich \u201eAcademia\u201d organizowanym przez \u201eUW Wydawnictwa\u201d przy Uniwersytecie Warszawskim \u2013 <\/font><font face=\"Times New Roman CE, Times New Roman CE\"> UW Warszawa<\/font><\/p>\n<p style=\"margin-bottom: 0cm\" lang=\"cs-CZ\"><font face=\"Times New Roman CE, Times New Roman CE\">\t<\/font><\/p>\n<p style=\"margin-bottom: 0cm\" lang=\"cs-CZ\">&nbsp;<\/p>\n<p style=\"margin-bottom: 0cm\" lang=\"cs-CZ\">&nbsp;<\/p>\n","protected":false},"excerpt":{"rendered":"<p>&nbsp; &nbsp; &nbsp; &nbsp; &nbsp; Miros\u0142aw Paw\u0142owski 60-195 Pozna\u0144, Makuszy\u0144skiego 32 tel. 601 26 85 95 E-mail: m&#8211;pawlowski( at) tlen.pl Urodzony 8 lutego 1957 roku w Drezdenku. Studia w PWSSP w Poznaniu w latach 1976-1981. Dyplom z wyr\u00f3\u017cnieniem w 1981 roku. W 1984 otrzyma\u0142 stypendium zagraniczne PWSSP im. M. Dokowicz za najlepszy dyplom w 1981 [&hellip;]<\/p>\n","protected":false},"author":2,"featured_media":0,"parent":0,"menu_order":82,"comment_status":"open","ping_status":"open","template":"","meta":{"ngg_post_thumbnail":0,"footnotes":""},"class_list":["post-14","page","type-page","status-publish","hentry"],"_links":{"self":[{"href":"https:\/\/www.depo.pl\/index.php?rest_route=\/wp\/v2\/pages\/14","targetHints":{"allow":["GET"]}}],"collection":[{"href":"https:\/\/www.depo.pl\/index.php?rest_route=\/wp\/v2\/pages"}],"about":[{"href":"https:\/\/www.depo.pl\/index.php?rest_route=\/wp\/v2\/types\/page"}],"author":[{"embeddable":true,"href":"https:\/\/www.depo.pl\/index.php?rest_route=\/wp\/v2\/users\/2"}],"replies":[{"embeddable":true,"href":"https:\/\/www.depo.pl\/index.php?rest_route=%2Fwp%2Fv2%2Fcomments&post=14"}],"version-history":[{"count":0,"href":"https:\/\/www.depo.pl\/index.php?rest_route=\/wp\/v2\/pages\/14\/revisions"}],"wp:attachment":[{"href":"https:\/\/www.depo.pl\/index.php?rest_route=%2Fwp%2Fv2%2Fmedia&parent=14"}],"curies":[{"name":"wp","href":"https:\/\/api.w.org\/{rel}","templated":true}]}}