
{"id":17,"date":"2008-01-22T14:38:23","date_gmt":"2008-01-22T12:38:23","guid":{"rendered":"http:\/\/www.depo.pl\/wordpress\/?page_id=17"},"modified":"2009-06-30T16:57:59","modified_gmt":"2009-06-30T15:57:59","slug":"jan-misiek-wystawy","status":"publish","type":"page","link":"https:\/\/www.depo.pl\/?page_id=17","title":{"rendered":"Jan Misiek- wystawy"},"content":{"rendered":"<p>J A N   M I S I E K<\/p>\n<p><embed type=\"application\/x-shockwave-flash\" src=\"http:\/\/picasaweb.google.pl\/s\/c\/bin\/slideshow.swf\" width=\"600\" height=\"400\" flashvars=\"host=picasaweb.google.pl&#038;captions=1&#038;hl=en_GB&#038;feat=flashalbum&#038;RGB=0x000000&#038;feed=http%3A%2F%2Fpicasaweb.google.pl%2Fdata%2Ffeed%2Fapi%2Fuser%2Fjustyn.depo%2Falbumid%2F5353147051236902673%3Falt%3Drss%26kind%3Dphoto%26hl%3Den_GB\" pluginspage=\"http:\/\/www.macromedia.com\/go\/getflashplayer\"><\/embed><\/p>\n<p>W Y S T A W Y<\/p>\n<p>Galeria Szalom<\/p>\n<p>Jan Misiek &#8211; absolwent Pa\u0144stwowej Wy\u017cszej Szko\u0142y Sztuk Plastycznych w Gda\u0144sku (dyplom w pracowni prof. W\u0142adys\u0142awa Jackiewicza) &#8211; wystawia\u0142 w listopadzie 2002 w Galerii Szalom na Krakowskim Kazimierzu pe\u0142ne ekspresji wizerunki zwierz\u0105t.<\/p>\n<p>Kazimierz Nowosielski pisze tak o malarzu:<br \/>\nMisiek zaciera granice mi\u0119dzy collagem a malarstwem, w\u0142\u0105czaj\u0105c jedno w obr\u0119b drugiego, ods\u0142ania przy tym, jak to co organicznie skazane na nieistnienie (bo pozyskiwane z usypiska kultu, z cywilizacyjnych odpad\u00f3w) &#8211; nagle poczyna opalizowa\u0107 nieznanym nam wcze\u015bniej blaskiem i jak \u00f3w blask zarazem- wzmocniony malarskim dzia\u0142aniem koloru, rygorystyczn\u0105 organizacj\u0105 r\u00f3\u017cnorakich plan\u00f3w obrazu- nakierowuje nas, przybli\u017ca ku jakiej\u015b paradoksalnej rzeczywisto\u015bci nieistnienia.<\/p>\n<p>Wystawa w Muzeum Pomorza<\/p>\n<p>IMMAGINAZIONI E TRACCE. IMAGINACJE I \u015aLADY<br \/>\nLaura Magni<br \/>\nJan Misiek<\/p>\n<p>4.XII.2002 &#8211; 5.I.2003<br \/>\n31 dzie\u0142<br \/>\nHerbaciarnia w Spichlerzu<\/p>\n<p>Na wystawie przedstawiono 16 dzie\u0142 Jana Mi\u015bka i 15 Laury Magni.<\/p>\n<p>Jan Misiek (1949) jest rodowitym S\u0142upszczaninem na sta\u0142e mieszkaj\u0105cym w Gda\u0144sku. Studiowa\u0142 w Pa\u0144stwowej Wy\u017cszej Szkole Sztuk Plastycznych w Gda\u0144sku, dyplom uzyska\u0142 u prof. W\u0142adys\u0142awa Jackiewicza w 1975 roku. Mia\u0142 ponad 25 wystaw indywidualnych, bra\u0142 udzia\u0142 w ponad 50 wystawach zbiorowych w kraju i zagranic\u0105. Artysta najbardziej znany jest ze swoich kola\u017cy odwo\u0142uj\u0105cych si\u0119 do wspomnie\u0144. Maluje r\u00f3wnie\u017c tempery abstrakcyjne. Tworzy tak\u017ce grafik\u0119 projektow\u0105: plakatow\u0105, ksi\u0105\u017ckow\u0105 i katalogow\u0105 (niedawno opracowa\u0142 publikacj\u0119 i plakat do g\u0142o\u015bnej polsko &#8211; w\u0142oskiej wystawy pt.: &#8220;Hans Memling. Micha\u0142 Anio\u0142. Wizja ko\u0144ca czasu&#8221; dla Muzeum Narodowego w Gda\u0144sku, wystawa zorganizowana w 2001 roku by\u0142a wa\u017cn\u0105 prezentacj\u0105 dw\u00f3ch geniuszy Renesansu). Tw\u00f3rca ostatni raz wystawia\u0142 w s\u0142upskiej Baszcie Czarownic w 1998 roku.<\/p>\n<p>(Lucjan Hanak, grudzie\u0144 2002)<\/p>\n<p>Laura Magni urodzi\u0142a si\u0119 w Varese (1951), mieszka w miejscowo\u015bci Cassano Valcuvia w Lombardii. W 1973 roku uzyska\u0142a dyplom w Centro di Grafica Benca w Mediolanie. Od 1972 roku wystawia w Italii, a od 1995 tak\u017ce w Polsce. Mia\u0142a kilka wystaw indywidualnych (w tym niekt\u00f3re z malarzem Ubaldo Magni &#8211; ojcem), bra\u0142a udzia\u0142 w kilkunastu wystawach zbiorowych. Laura Magni pracuje na wy\u017cszych uczelniach &#8211; wyk\u0142ada teori\u0119 i psychologi\u0119 koloru w Scuola Superiore di Graphic Designer della Wall Street w Busto Arsizio oraz grafik\u0119 w Istituto Olga Fiorini w Varese. Eksponowane rysunki wpisuj\u0105 si\u0119 w nurt metafizyczny, maj\u0105cy bogat\u0105 tradycj\u0119 w sztuce Italii XX wieku.<\/p>\n<p>(Beata Zgodzi\u0144ska, grudzie\u0144 2002)<\/p>\n<p>Wybrane wystawy indywidualne:<br \/>\n1993 &#8211; Pami\u0105tki Papagena, Galeria Arche, Gda\u0144sk<br \/>\n1993 &#8211; M. School, Ede\/Holandia; Galerie Neuropa, Heidelberg; Okolice Lasu Arde\u0144skiego, Galeria U Literat\u00f3w, Gda\u0144sk<br \/>\n1995 &#8211; E. Vrrugging Gallery, Zutphen\/Holandia (z A. Urba\u0144skim)<br \/>\n1997 &#8211; Inter &#8211; Art &#8211; Galerie, Stuttgart; Po uczcie bog\u00f3w, Muzeum Historii Miasta Gda\u0144ska, Gda\u0144sk<br \/>\n1998 &#8211; BWA, S\u0142upsk; Galeria Pa\u0142acowa, Muzeum Narodowe, Gda\u0144sk<br \/>\n1999 &#8211; Villa Ciconia, Bisuschio-Varese\/W\u0142ochy; Cienie i p\u00f3\u0142cienie, Muzeum w Bytowie; Akademia Sztuk Pi\u0119knych, Gda\u0144sk<br \/>\n2000 &#8211; Metall &amp; Form Galerie, Heidelberg; Galeria Triada, Sopot; Galeria ZAR, Gda\u0144sk (z Laur\u0105 Magni); Galeria Szalom, Krak\u00f3w<br \/>\n2001 &#8211; Aus den Fluten gerettet, Kuratorium der Willibald-Kramm-Preis-Sliftung, Heidelberg<br \/>\n2002 &#8211; Wschodnia, Nadba\u0142tyckie Centrum Kultury, Gda\u0144sk; Lettera per Induno, DA Dworek Artura, Gda\u0144sk (z Ubaldo Magni); Galeria Szalom, Krak\u00f3w; Imaginacje i \u015blady, Muzeum Pomorza \u015arodkowego, S\u0142upsk (z Laur\u0105 Magni)<br \/>\n2003 &#8211; Duchy Elsynoru, Galeria Portal, Gda\u0144sk<br \/>\nGrudzie\u0144 2003 &#8211; Wernisa\u017c i wystawa, Wy\u017csza Pomorska Szko\u0142a Turystyki i Hotelarstwa, Bydgoszcz<br \/>\nGrudzie\u0144 2003 &#8211; Duchy Elsynoru, Galeria Steel Forrest, Stara Papiernia, Konstancin Jeziorna<\/p>\n<p>Wybrane wystawy zbiorowe:<br \/>\n1993 &#8211; Cztery Kolory, Galeria Arche &#8211; Muzeum Archeologiczne, Gda\u0144sk; Czarny Aneks, Galeria Portal, Gda\u0144sk<br \/>\n1994 &#8211; Dni Polskie, Norderstedt\/Niemcy<br \/>\n1995 &#8211; Wystawa Malarstwa i Rze\u017aby Awangarda, Hamburg; Werkstattgalerie, Heidelberg; Kunst Uit Polen, Brummen, Lochem, Made-Drimmelen\/Holandia<br \/>\n1996 &#8211; XVI Festiwal Malarstwa Polskiego, Szczecin; F\u00fcnf K\u00fcnstler aus Danzig, Galeria Melnikow, Heidelberg; Kunst Uit Polen, Houten\/Holandia<br \/>\n1997 &#8211; IV Festiwal Muzyki i Sztuki Kraj\u00f3w Nadba\u0142tyckich, Muzeum Okr\u0119gowe w Toruniu<br \/>\n1999 &#8211; Bielska Jesie\u0144, BWA, Bielsko-Bia\u0142a; Wie\u017ca Babel, Muzeum w L\u0119borku; Spotkanie, Galeria Triada, Gda\u0144sk; O nas dzisiaj, Muzeum Narodowe, Gda\u0144sk<br \/>\n2000 &#8211; 600-lecie Jana Gutenberga, Muzeum Diecezjalne, Pelplin<br \/>\n2001 &#8211; Post Scriptum, Galeria 78, Gdynia; Trwanie, Galeria El, Elbl\u0105g<br \/>\n2002 &#8211; Mistrz i uczniowie, Galeria El, Elbl\u0105g<br \/>\n2003 &#8211; Kolekcja wiosenna, DA Dworek Artura, Gda\u0144sk<\/p>\n","protected":false},"excerpt":{"rendered":"<p>J A N M I S I E K W Y S T A W Y Galeria Szalom Jan Misiek &#8211; absolwent Pa\u0144stwowej Wy\u017cszej Szko\u0142y Sztuk Plastycznych w Gda\u0144sku (dyplom w pracowni prof. W\u0142adys\u0142awa Jackiewicza) &#8211; wystawia\u0142 w listopadzie 2002 w Galerii Szalom na Krakowskim Kazimierzu pe\u0142ne ekspresji wizerunki zwierz\u0105t. Kazimierz Nowosielski pisze tak o [&hellip;]<\/p>\n","protected":false},"author":2,"featured_media":0,"parent":0,"menu_order":77,"comment_status":"open","ping_status":"open","template":"","meta":{"ngg_post_thumbnail":0,"footnotes":""},"class_list":["post-17","page","type-page","status-publish","hentry"],"_links":{"self":[{"href":"https:\/\/www.depo.pl\/index.php?rest_route=\/wp\/v2\/pages\/17","targetHints":{"allow":["GET"]}}],"collection":[{"href":"https:\/\/www.depo.pl\/index.php?rest_route=\/wp\/v2\/pages"}],"about":[{"href":"https:\/\/www.depo.pl\/index.php?rest_route=\/wp\/v2\/types\/page"}],"author":[{"embeddable":true,"href":"https:\/\/www.depo.pl\/index.php?rest_route=\/wp\/v2\/users\/2"}],"replies":[{"embeddable":true,"href":"https:\/\/www.depo.pl\/index.php?rest_route=%2Fwp%2Fv2%2Fcomments&post=17"}],"version-history":[{"count":2,"href":"https:\/\/www.depo.pl\/index.php?rest_route=\/wp\/v2\/pages\/17\/revisions"}],"predecessor-version":[{"id":81,"href":"https:\/\/www.depo.pl\/index.php?rest_route=\/wp\/v2\/pages\/17\/revisions\/81"}],"wp:attachment":[{"href":"https:\/\/www.depo.pl\/index.php?rest_route=%2Fwp%2Fv2%2Fmedia&parent=17"}],"curies":[{"name":"wp","href":"https:\/\/api.w.org\/{rel}","templated":true}]}}