
{"id":19,"date":"2008-01-22T14:42:39","date_gmt":"2008-01-22T12:42:39","guid":{"rendered":"http:\/\/www.depo.pl\/wordpress\/?page_id=19"},"modified":"2010-04-29T16:39:29","modified_gmt":"2010-04-29T15:39:29","slug":"jan-misiek-tu-jest-moje-miejsce","status":"publish","type":"page","link":"https:\/\/www.depo.pl\/?page_id=19","title":{"rendered":"Jan Misiek &#8211; tu jest moje miejsce"},"content":{"rendered":"<p>T U \u00a0J E S T \u00a0M O J E \u00a0M I E J S C E<\/p>\n<p>Gda\u0144ski artysta zajmuj\u0105cy si\u0119 malarstwem i kola\u017cem. Przewodnim tematem jego prac jest czas i przemijanie, specjalnie unika technik, kt\u00f3re mog\u0142yby \u015bwiadczy\u0107 o jego umiej\u0119tno\u015bciach manualnych, forma jest daleka od kolorystycznego i u\u0142o\u017conego trendu spo\u0142ecze\u0144stwa konsumpcyjnego.<\/p>\n<p><strong>Rozmowa z Janem Mi\u015bkiem<\/strong><\/p>\n<p>&#8220;Kurier Bytowski&#8221; &#8211; Sk\u0105d czerpie Pan inspiracje?<br \/>\nJan Misiek &#8211; Z \u017cycia. Zabieram si\u0119 do dzia\u0142ania, tylko gdy mam ku temu jaki\u015b pow\u00f3d. Czasami zainspiruje mnie przyroda, np. kolor kwitn\u0105cego g\u0142ogu, a czasem znaleziony na ulicy zgnieciony kapsel czy stare zdj\u0119cie lub strz\u0119p listu.<\/p>\n<p>Cz\u0119sto wykorzystuje Pan w swoich kola\u017cach stare zdj\u0119cia. Czy pochodz\u0105 z rodzinnych album\u00f3w?<br \/>\nR\u00f3\u017cnie. Cz\u0119\u015b\u0107 pochodzi z prywatnych zbior\u00f3w. Wiele zdj\u0119\u0107 otrzymuj\u0119 po wystawie. Kiedy\u015b np. wystawia\u0142em prace w klubie, w kt\u00f3rym organizowano ogniska m\u0142odzie\u017cowe. P\u00f3\u017aniej dzieci przynosi\u0142y swoje zdj\u0119cia z Pierwszej Komunii i te\u017c robi\u0142y kola\u017ce. Moje kompozycje stanowi\u0142y dla nich inspiracj\u0119. Kiedy\u015b b\u0119d\u0105c w Heimatmuseum ko\u0142o Stuttgartu otrzyma\u0142em sporo starych zdj\u0119\u0107 od jego dyrektorki.<\/p>\n<p>W naszym muzeum mo\u017cemy ogl\u0105da\u0107 ponad 40 Pa\u0144skich prac. W jakim okresie powstawa\u0142y?<br \/>\nWi\u0119kszo\u015b\u0107 w ostatnich dw\u00f3ch latach, ale s\u0105 te\u017c prace, g\u0142\u00f3wnie obrazy, malowane przed 4 laty. Cz\u0119sto powracam do uko\u0144czonych ju\u017c dzie\u0142. Pracuj\u0119 cyklicznie. Raz maluj\u0119 jaki\u015b abstrakcyjny obraz, by na chwil\u0119 go zostawi\u0107 i zasi\u0105\u015b\u0107 do kola\u017cu.<\/p>\n<p>Czy ca\u0142y wolny czas po\u015bwi\u0119ca Pan tworzeniu?<br \/>\nChcia\u0142bym. Niestety, cho\u0107 jest to m\u00f3j jedyny zaw\u00f3d, nie zawsze mog\u0119 po\u015bwi\u0119ci\u0107 mu ka\u017cd\u0105 minut\u0119.<\/p>\n<p>A czy mo\u017cna utrzyma\u0107 z niego rodzin\u0119?<br \/>\nNa pewno nie jest to regularny doch\u00f3d. Czasami w ci\u0105gu 4 tygodni sprzedaj\u0119 kilka dzie\u0142, a potem przez nast\u0119pne kilka miesi\u0119cy ani jednego. Dlatego dorabiam tworz\u0105c oprawy graficzne ksi\u0105\u017cek.<\/p>\n<p>Mieszka Pan w Gda\u0144sku. \u0141atwo jest by\u0107 artyst\u0105 w tak du\u017cej aglomeracji jak Tr\u00f3jmiasto?<br \/>\nCz\u0119sto zadaje mi si\u0119 to pytanie i za ka\u017cdym razem mam trudno\u015bci z udzieleniem odpowiedzi. Na pewno trudno jest w du\u017cym mie\u015bcie zajmowa\u0107 si\u0119 sztuk\u0105 na serio. To niewdzi\u0119czny kawa\u0142ek chleba.<\/p>\n<p>Sk\u0105d wzi\u0119\u0142o si\u0119 Pa\u0144skie zainteresowanie malarstwem?<br \/>\nBy\u0142 to splot r\u00f3\u017cnych zdarze\u0144. Po uko\u0144czeniu \u015bredniej szko\u0142y plastycznej poszed\u0142em na wy\u017csze studia o tym profilu. Panowa\u0142a tam jednak wysoce artystyczna atmosfera. Ka\u017cdy student czu\u0142 si\u0119 geniuszem. Nie odpowiada\u0142o mi to, wi\u0119c przenios\u0142em si\u0119 na filologi\u0119 polsk\u0105. Tu okaza\u0142o si\u0119, \u017ce trzeba by\u0142o przej\u015b\u0107 kilkumiesi\u0119czne szkolenie wojskowe. Aby tego unikn\u0105\u0107, wr\u00f3ci\u0142em do plastyk\u00f3w. Teraz wiem, \u017ce w\u0142a\u015bnie tam by\u0142o moje miejsce. My\u015bl\u0119, \u017ce zosta\u0142em stworzony do tego, co robi\u0119. Od samego pocz\u0105tku zaj\u0105\u0142em si\u0119 malarstwem. W pewnym momencie przesta\u0142o mi to jednak wystarcza\u0107, wi\u0119c przerzuci\u0142em si\u0119 na kola\u017ce.<\/p>\n<p>Czy kto\u015b z rodziny poszed\u0142 w Pana \u015blady?<br \/>\nC\u00f3rka ma zdolno\u015bci malarskie, ale nie chce ze mn\u0105 konkurowa\u0107. Zreszt\u0105 nigdy jej do tego nie namawia\u0142em. Lubi natomiast wytwarza\u0107 r\u0119cznie rozmaite przedmioty.<\/p>\n<p>rozmawia\u0142a Joanna Rogala-P\u0142aksa<\/p>\n","protected":false},"excerpt":{"rendered":"<p>T U \u00a0J E S T \u00a0M O J E \u00a0M I E J S C E Gda\u0144ski artysta zajmuj\u0105cy si\u0119 malarstwem i kola\u017cem. Przewodnim tematem jego prac jest czas i przemijanie, specjalnie unika technik, kt\u00f3re mog\u0142yby \u015bwiadczy\u0107 o jego umiej\u0119tno\u015bciach manualnych, forma jest daleka od kolorystycznego i u\u0142o\u017conego trendu spo\u0142ecze\u0144stwa konsumpcyjnego. Rozmowa z Janem [&hellip;]<\/p>\n","protected":false},"author":2,"featured_media":0,"parent":0,"menu_order":75,"comment_status":"open","ping_status":"open","template":"","meta":{"ngg_post_thumbnail":0,"footnotes":""},"class_list":["post-19","page","type-page","status-publish","hentry"],"_links":{"self":[{"href":"https:\/\/www.depo.pl\/index.php?rest_route=\/wp\/v2\/pages\/19","targetHints":{"allow":["GET"]}}],"collection":[{"href":"https:\/\/www.depo.pl\/index.php?rest_route=\/wp\/v2\/pages"}],"about":[{"href":"https:\/\/www.depo.pl\/index.php?rest_route=\/wp\/v2\/types\/page"}],"author":[{"embeddable":true,"href":"https:\/\/www.depo.pl\/index.php?rest_route=\/wp\/v2\/users\/2"}],"replies":[{"embeddable":true,"href":"https:\/\/www.depo.pl\/index.php?rest_route=%2Fwp%2Fv2%2Fcomments&post=19"}],"version-history":[{"count":5,"href":"https:\/\/www.depo.pl\/index.php?rest_route=\/wp\/v2\/pages\/19\/revisions"}],"predecessor-version":[{"id":398,"href":"https:\/\/www.depo.pl\/index.php?rest_route=\/wp\/v2\/pages\/19\/revisions\/398"}],"wp:attachment":[{"href":"https:\/\/www.depo.pl\/index.php?rest_route=%2Fwp%2Fv2%2Fmedia&parent=19"}],"curies":[{"name":"wp","href":"https:\/\/api.w.org\/{rel}","templated":true}]}}