
{"id":21,"date":"2008-01-22T14:51:56","date_gmt":"2008-01-22T12:51:56","guid":{"rendered":"http:\/\/www.depo.pl\/wordpress\/?page_id=21"},"modified":"2008-01-22T21:37:56","modified_gmt":"2008-01-22T19:37:56","slug":"alina-kulczynska","status":"publish","type":"page","link":"https:\/\/www.depo.pl\/?page_id=21","title":{"rendered":"Alina Kulczy\u0144ska"},"content":{"rendered":"<p>Alina Kulczy\u0144ska<br \/>\n60-185 Pozna\u0144<br \/>\nul. Makuszy\u0144skiego 32<\/p>\n<p>Studia w Pa\u0144stwowej Wy\u017cszej Szkole Sztuk Plastycznych w Poznaniu w latach 1978-1983.<\/p>\n<p>Zajmuje si\u0119 rysunkiem<\/p>\n","protected":false},"excerpt":{"rendered":"<p>Alina Kulczy\u0144ska 60-185 Pozna\u0144 ul. Makuszy\u0144skiego 32 Studia w Pa\u0144stwowej Wy\u017cszej Szkole Sztuk Plastycznych w Poznaniu w latach 1978-1983. Zajmuje si\u0119 rysunkiem<\/p>\n","protected":false},"author":2,"featured_media":0,"parent":0,"menu_order":90,"comment_status":"open","ping_status":"open","template":"","meta":{"ngg_post_thumbnail":0,"footnotes":""},"class_list":["post-21","page","type-page","status-publish","hentry"],"_links":{"self":[{"href":"https:\/\/www.depo.pl\/index.php?rest_route=\/wp\/v2\/pages\/21","targetHints":{"allow":["GET"]}}],"collection":[{"href":"https:\/\/www.depo.pl\/index.php?rest_route=\/wp\/v2\/pages"}],"about":[{"href":"https:\/\/www.depo.pl\/index.php?rest_route=\/wp\/v2\/types\/page"}],"author":[{"embeddable":true,"href":"https:\/\/www.depo.pl\/index.php?rest_route=\/wp\/v2\/users\/2"}],"replies":[{"embeddable":true,"href":"https:\/\/www.depo.pl\/index.php?rest_route=%2Fwp%2Fv2%2Fcomments&post=21"}],"version-history":[{"count":0,"href":"https:\/\/www.depo.pl\/index.php?rest_route=\/wp\/v2\/pages\/21\/revisions"}],"wp:attachment":[{"href":"https:\/\/www.depo.pl\/index.php?rest_route=%2Fwp%2Fv2%2Fmedia&parent=21"}],"curies":[{"name":"wp","href":"https:\/\/api.w.org\/{rel}","templated":true}]}}