
{"id":26,"date":"2008-01-22T15:24:21","date_gmt":"2008-01-22T13:24:21","guid":{"rendered":"http:\/\/www.depo.pl\/wordpress\/?page_id=26"},"modified":"2019-01-29T23:14:28","modified_gmt":"2019-01-29T21:14:28","slug":"pare-slow-o-mnie","status":"publish","type":"page","link":"https:\/\/www.depo.pl\/?page_id=26","title":{"rendered":"Pare slow o mnie"},"content":{"rendered":"<p>Urodzi\u0142em si\u0119 w 1951 roku w <a href=\"https:\/\/www.depo.pl\/Depo\/drezdenko.html\"><strong>Drezdenku<\/strong><\/a> w \u015brodku Puszczy Noteckiej, ma\u0142ej, \u0142adnie po\u0142o\u017conej w\u015br\u00f3d las\u00f3w i jezior, licz\u0105cej 11.000 mieszka\u0144c\u00f3w miejscowo\u015bci w pobli\u017cu Poznania. Tam sko\u0144czy\u0142em szko\u0142\u0119 podstawow\u0105 i \u015bredni\u0105 &#8211; <b>Liceum Og\u00f3lnokszta\u0142c\u0105ce im.Stefana \u017beromskiego&nbsp;w Drezdenku- <\/b>.W 1969 roku wyjecha\u0142em z Drezdenka. Studiowa\u0142em filologi\u0119 polsk\u0105 na Uniwersytecie im. A. Mickiewicza w Poznaniu. Studiowa\u0142em j\u0119zyk szwedzki na Uniwersytecie Sztokholmskim. &nbsp;Odby\u0142em te\u017c studia na Wy\u017cszej Szkole Nauczycielskiej w Sztokholmie. Zarz\u0105dzania i kierowania firmami i projektami uczy\u0142em si\u0119 na r\u00f3\u017cnych kursach lecz najwi\u0119cej wiedzy zdoby\u0142em praktycznie, startuj\u0105c i prowadz\u0105c r\u00f3\u017cne firmy. Z natury jestem samotnikiem i najlepiej czuj\u0119 si\u0119 w\u015br\u00f3d najbli\u017cszych mi os\u00f3b. Mimo natury samotnika mam olbrzymi kr\u0105g znajomych.<br>Berenika, Moja Corka mieszkaj\u0105ca w Warszawie. Berenika &#8211; prawnik&nbsp; po studiach w Szwecji i Niemczech oraz Polsce. Obok literatury, filmu, muzyki wielka pasja Bereniki by\u0142y &nbsp;podr\u00f3\u017ce. Zwiedzi\u0142a&nbsp; wiele krajow, w tym tak egzotyczne jak Bhutan, Tajlandia, Birma, Laos, Wietnam, Indie, Chiny. Zas\u0142u\u017cy\u0142a juz na tytu\u0142 <strong>Globtrotterki<\/strong> . Pasja Bereniki bylo&nbsp; &nbsp;fotografowanie&nbsp; i <a href=\"http:\/\/www.berenika.pl\">tutaj<\/a> mo\u017cna zobaczy\u0107 zdj\u0119cia z jej egzotycznych podro\u017cy. &nbsp;To galeria fotograficzna&nbsp; krajow, jakie zwiedzila.<\/p>\n<p>Natalia jest tez po studiach prawniczych w Szwecji, Niemczech, Austrii i Polsce. Natalia obok podro\u017cy i fotografowania uwielbia nurkowa\u0107. Tez brakuje jej czasu na zrobienie galerii swoich podwodnych zdjec z r\u00f3\u017cnych g\u0142\u0119bin \u015bwiata.<\/p>\n<p>Psy:<\/p>\n<p>Byle :<\/p>\n<p>Zacz\u0119\u0142o si\u0119 od dwoch seter\u00f3w irlandzkich : R.I.P<strong> Rhu Sunset Extravagance &#8211;<\/strong> \u017cyj\u0105ca juz tylko w naszej pamieci, i&nbsp; R.I.P&nbsp;<strong>Nikita Irish Extravagance<\/strong> ,&nbsp; p\u00f3\u017aniej doszed\u0142 hovawart,&nbsp; R.I.P&nbsp;<strong>Avrafastes Dottir<\/strong>, pospolicie zwana<strong> Dottir<\/strong> = c\u00f3rka w j\u0119zyku norweskim i szwedzkim , &nbsp;leonberger &nbsp;&#8211; R.I.P&nbsp;<strong>Imela<\/strong>, ponad 50 kg psiej &nbsp;bezgranicznej mi\u0142o\u015bci.<br>Ostatnio znalaz\u0142 nas przemi\u0142y piesek rasy europejskiej mieszanej. Otrzyma\u0142 imi\u0119 R.I.P&nbsp;<strong>Nanooq<\/strong>,co znaczy w jezyku Innuitow: niedzwiedz polarny.<\/p>\n<p>Obecne :&nbsp;<\/p>\n<p>Nasze stado liczy dziewi\u0119\u0107 ps\u00f3w i trzy koty.&nbsp; &nbsp;Wszystkie to psy&nbsp; rasy europejskiej. Wszystkie po okropnych prze\u017cyciach, wyrzucone przez ludzi znalaz\u0142y dom u nas.&nbsp;<\/p>\n<p>Fila- najstarsza.&nbsp;<\/p>\n<p>Kira- Ksi\u0119\u017cniczka, najmniejsza ale rz\u0105dzi stadem i chce by\u0107 tylko ze mn\u0105. Reinkarnacja Rhu.&nbsp;<\/p>\n<p>Ronja, c\u00f3rka zb\u00f3jnika. Troche jak Reksio . Nasze dziecko specjalnej troski, niezwykle nieufna wobec obcych, ale jest przez nas kochana. Ze Schroniska Tomaryny.&nbsp;<\/p>\n<p>Freja- pi\u0119kna , \u017c\u00f3\u0142ta. Ze Schroniska Tomaryny&nbsp;<\/p>\n<p>Mora- uratowana przed \u015bmierci\u0105 przez Schronisko Tomaryny, , odp\u0142aca nam bezgraniczna mi\u0142o\u015bci\u0105.<\/p>\n<p>Yori. malutka staruszka, wyrzucona na wsi mazurskiej, nie ufa \u017cadnemu m\u0119\u017cczy\u017anie. Tez Schronisko Tomaryny.&nbsp;&nbsp;<\/p>\n<p>Scarlett &#8211; czarna , w \u015brednim wieku, zabrana z pseudo schroniska Chrcynne.&nbsp;<\/p>\n<p>Frankie, nasz &#8221; blazenek&#8221; , rozrabiaka, z pseudo schroniska w Kozienicach<\/p>\n<p>Harry, straznik obejscia, z pseudo schroniska w Kozienicach.&nbsp;<\/p>\n<p>Koty byle :<\/p>\n<p>Batman, najwspanialszy na \u015bwiecie<\/p>\n<p>Lapka, szarobura mama Findusa i Klary- najbardziej inteligentna kotka \u015bwiata.&nbsp;<\/p>\n<p>Mejin &#8211; uratowany , wykarmiony pipeta.<\/p>\n<p>Obecne :<\/p>\n<p>Kajtek, czarn, spokojny, z dystansem do ludzi, ale zyjacy w symbiozie z psami.<\/p>\n<p>Eri- uratowana przed mrozem, nieufna wobec ludzi, akceptuje tylko nas.<\/p>\n<p>Migotka &#8211; po roznych przygodach znalazla dom u nas. I chyba jej dobrze, czasem sypia ze mna.&nbsp;<\/p>\n<p>Motto:<br><strong>Lepiej prze\u017cy\u0107 jeden dzie\u0144 jak tygrys, ani\u017celi sto lat jak baran.<\/strong><br>D\u0142ugo pracowa\u0142em, aby teraz mie\u0107 swobod\u0119 decydowania o czasie pracy.<br>Ceni\u0119 sobie spokojn\u0105 prac\u0119 w tempie ustalanym przez siebie.<br>Nie mam szef\u00f3w nad sob\u0105, mam partner\u00f3w w dzia\u0142aniu i partner\u00f3w w pracy.<br>Stworzy\u0142em od zera, na trudnym rynku najbardziej niszowe radio w Polsce, <strong>Radiostacj\u0119 &#8211; RADIO Nowej Generacji,<\/strong> nadaj\u0105ce w Warszawie, Poznaniu, Wroc\u0142awiu, Gda\u0144sku, Gdyni, Krakowie, Rzeszowie. Stworzy\u0142em od zera rowniez dwie inne firmy; <strong>Tele 2<\/strong> i <strong>In 2 Loop Polska<\/strong>,&nbsp; we wsp\u00f3\u0142pracy z notowanym na gie\u0142dach w Sztokholmie i Nowym Jorku koncernem <strong>Tele 2 Szwecja<\/strong>.<\/p>\n<p><strong>Do\u015bwiadczenia \u017cyciowe<\/strong><br>Moim \u017cyciem kierowa\u0142a zasada autostopowa: &#8220;<strong>Je\u015bli ustawisz si\u0119 przy bocznej drodze, przejedzie tylko traktor i ochlapie ci\u0119 b\u0142otem. Staniesz w dobrym miejscu, przy dobrej drodze, przyjedzie dobry samoch\u00f3d i zawiezie ci\u0119 daleko, daleko, do ciekawych miejsc i poznasz interesuj\u0105cych ludzi<\/strong>.&#8221;Wyje\u017cd\u017caj\u0105c w 1969 roku z rodzinnej i ma\u0142ej miejscowo\u015bci Drezdenko w Puszczy Noteckiej, ustawi\u0142em si\u0119 przy dobrej drodze w dobrym miejscu. Los rzuci\u0142 mnie do Poznania (6 lat), p\u00f3\u017aniej Szczecina (5 lat), nie omin\u0105\u0142 mnie Sztokholm (od 1981 roku do teraz), ani Warszawa (od 1994 roku do teraz). Gdzie b\u0119d\u0119 za kilka lat &#8211; nie wiem.<br>W m\u0142odo\u015bci oraz \u017cyciu doros\u0142ym ima\u0142em si\u0119 r\u00f3\u017cnych zaj\u0119\u0107. W latach szkolnych i studenckich pracowa\u0142em na wykopaliskach archeologicznych, pracowa\u0142em jako drwal, r\u00f3wnie\u017c asystent le\u015bniczego, mierz\u0105c kubatur\u0119 las\u00f3w, sprzedawa\u0142em bursztyny, napoje orze\u017awiaj\u0105ce na pla\u017cach, pracowa\u0142em jako t\u0142umacz na Mi\u0119dzynarodowych Targach Pozna\u0144skich i Mi\u0119dzynarodowych Wystawach Przemys\u0142owych. By\u0142em \u017cniwiarzem, pracowa\u0142em przy budowie cementowni w Che\u0142mie, prowadzi\u0142em kolonie, prowadzi\u0142em sp\u0142ywy kajakowe studenckie i z m\u0142odzie\u017c\u0105 licealn\u0105, by\u0142em szefem klubu studenckiego Cicibor w Poznaniu, kierownikiem Radia Studenckiego. P\u00f3\u017aniej pracowa\u0142em jako nauczyciel j\u0119zyka niemieckiego (egzamin pa\u0144stwowy), j\u0119zyka polskiego i \u0142aciny w Liceum Og\u00f3lnokszta\u0142c\u0105cym w Pyrzycach w pobli\u017cu Szczecina. By\u0142em r\u00f3wnie\u017c dyrektorem Domu Kultury, jednym z tw\u00f3rc\u00f3w Pyrzyckich Spotka\u0144 Folkloru.W 1981 wyjecha\u0142em do Szwecji. Studiowa\u0142em w H\u00f6gskolan f\u00f6r L\u00e4rarutbildning i Stockholm, (Wy\u017csza Szko\u0142a Nauczycielska w Sztokholmie), Stockholms Universitetet (Uniwersytecie Sztokholmskim). Zaczyna\u0142em od zera, bez znajomo\u015bci j\u0119zyka, bez pieni\u0119dzy. Przez 10 lat, bez urlopu, pracowa\u0142em, intensywnie uczy\u0142em si\u0119 szwedzkiego, studiowa\u0142em, uczy\u0142em j\u0119zyka polskiego w szko\u0142ach podstawowych i \u015brednich w Sztokholmie.Wraz z 15 kolegami z r\u00f3\u017cnych kraj\u00f3w wystartowa\u0142em w 1985 roku firm\u0119 w bran\u017cy us\u0142ugowej. Po sprzeda\u017cy udzia\u0142\u00f3w prowadzi\u0142em p\u00f3\u017aniej w\u0142asne firmy w r\u00f3\u017cnych bran\u017cach, us\u0142ugowej i konsultingowej, by na pocz\u0105tku lat 90-tych wr\u00f3ci\u0107 do Polski jako przedstawiciel szwedzkiego koncernu medialno-telekomunikacyjnego Industrif\u00f6rvaltnings AB Kinnevik.<br>Nie jestem pracoholikiem, chocia\u017c przez kilkana\u015bcie lat pracowa\u0142em po 16 godzin na dob\u0119. Nie zaczynam pracy przed 9-t\u0105 rano, nie pracuj\u0119 na okr\u0105g\u0142o. Unikam stresu. Staram si\u0119 mie\u0107 du\u017co wolnego czasu dla swoich bliskich. Oraz na piel\u0119gnacj\u0119 zainteresowa\u0144. Uwa\u017cam, \u017ce nale\u017cy korzysta\u0107 z \u017cycia, p\u00f3ki istnieje, nie odk\u0142ada\u0107 realizacji marze\u0144 na przysz\u0142o\u015b\u0107, gdy\u017c mo\u017cna nie zd\u0105\u017cy\u0107.Demokracja jest dobra pod warunkiem, \u017ce ja rz\u0105dz\u0119. Jestem dobrym negocjatorem, twardym, lecz potrafi\u0105cym s\u0142ucha\u0107 partnera. Jestem typem szefa czasu wojny, nie nadaj\u0119 si\u0119 na szefa czasu pokoju. Uwielbiam wyzwania, nowe przedsi\u0119wzi\u0119cia. Szukam nowych dr\u00f3g, rozwi\u0105za\u0144. Nie poddaj\u0119 si\u0119 przeciwno\u015bciom i dzia\u0142am wedle zasady: tam, gdzie inni stoj\u0105 przed murem, albo mur rozwalam, albo szukam obej\u015bcia lub wykonuj\u0119 podkop.<br><strong>Zainteresowania<\/strong><br>Kilka obszar\u00f3w \u017cycia, kt\u00f3re kreuj\u0105 moje zainteresowania:<br><strong>Literatura<\/strong> &#8211; studiowa\u0142em filologi\u0119 polsk\u0105, wi\u0119c zboczenie zawodowe sprawia, i\u017c m\u00f3j ksi\u0119gozbi\u00f3r liczy kilka tysi\u0119cy pozycji. Uwa\u017cam, \u017ce ksi\u0105\u017cki mo\u017cna podzieli\u0107 na takie, kt\u00f3re jak dziwki bierze si\u0119 na jedn\u0105 noc i na takie, kt\u00f3re jak \u017con\u0119 bierze si\u0119 na ca\u0142e \u017cycie. C\u00f3\u017c, w tych kategoriach jestem notorycznym bigamist\u0105 &#8211; mam kilka tysi\u0119cy \u017con, cho\u0107 dziewczyny lekkiego prowadzenia te\u017c si\u0119 zdarzaj\u0105.<\/p>\n<p><strong>Muzyka<\/strong> &#8211; dorasta\u0142em na prze\u0142omie lat sze\u015b\u0107dziesi\u0105tych\/siedemdziesi\u0105tych, kiedy rock zdobywa\u0142 coraz szersze kr\u0119gi wyznawc\u00f3w. Podczas studi\u00f3w s\u0142ucha\u0142em rocka, ucz\u0119szcza\u0142em te\u017c do klub\u00f3w jazzowych. Uwielbia\u0142em bluesa, kt\u00f3remu jestem wierny od dawna. Blues pom\u00f3g\u0142 mi przetrwa\u0107 ci\u0119\u017ckie chwile w \u017cyciu. Sam nie gram na \u017cadnym instrumencie \u2013 mam pierwszy stopie\u0144 muzykalno\u015bci &#8211; odr\u00f3\u017cniam, kiedy graj\u0105. S\u0142uchanie muzyki sprawia mi rado\u015b\u0107. Nowe moje &#8220;odkrycia muzyczne &#8221; to rock bialoruski. Spelnia on na dzisiejszej Bialorusi te same role,jaka spelnial kiedys rock w Polsce &#8211; jest enklawa niezaleznosci w kraju niedemokratycznym i totalitarnym.Zespoly NRM, Ulis, i wiele innych graja &#8220;wbrew &#8221; rezimowi Lukaszenki a mozna ich posluchac na corocznym festiwalu Basowiszcze w miejscowosci Grodek obok Bialegostoku. Innym regionem, jaki mnie zafascynowal muzycznie, jest Islandia. Ten kraj to nie tylko Bjorck i Sigur Ros . Az dziw, ze na tak malej powierzchni i przy tak niewielkiej ilosci ludzi jest tak wiele wspanialych zespolow. Polecam goraco rewelacyjna i spiewajaca w jezykach dunskim, szwedzkim, islandzkim, angielskim i farerskim Eivor Palsdottir ( tak naprawde pochodzi ona z Wysp Owczych ) , zespoly Ske, Kimono, Mugison &#8211; ze wymienie tylko kilka z niezliczonej liczby wspanialych muzycznie grup. Polecam tez goraco coroczny Iceland Airwaves Festival. Moja kolekcja audiofilska liczy kilkaset p\u0142yt CD.<\/p>\n<p><strong>Natura<\/strong> &#8211; Zaliczy\u0142em kilka sp\u0142yw\u00f3w kajakowych w Polsce. Uda\u0142o mi si\u0119 wej\u015b\u0107 na \u015awinic\u0119, ale to chyba nie jest wyczyn. W Szwecji najwi\u0119ksz\u0105 przyjemno\u015b\u0107 sprawia mi obcowanie ze wspania\u0142\u0105 przyrod\u0105 tego kraju, w\u0119dr\u00f3wki po lasach, zbieranie grzyb\u00f3w, \u0142owienie ryb. Gor\u0105co polecam Sztokholm oraz ca\u0142\u0105 Skandynawi\u0119. W Polsce mieszkam na skraju Puszczy Marianskiej, z dala od ludzi.&nbsp;&nbsp;<\/p>\n<p><strong>Podr\u00f3\u017ce<\/strong> &#8211; Ka\u017cd\u0105 wolna chwil\u0119 wykorzystuj\u0119 na poznawanie nowych miejsc, w kraju i na \u015bwiecie. W przed\u0142u\u017cone weekendy wyje\u017cd\u017cam cz\u0119sto do nowych, interesuj\u0105cych miejsc, wybieranych przypadkowo.<\/p>\n<p>Update: Juz nie podr\u00f3\u017cuj\u0119, nasze liczne stado psie i kocie zdecydowanie ukr\u00f3ci\u0142o moja i nasza mobilno\u015b\u0107. Ale dobrze nam wszystkim.&nbsp;<\/p>\n<p><strong>Sport<\/strong> &#8211; C\u00f3\u017c, najbardziej interesuje mnie szybka jazda samochodem. Uwielbiam ostr\u0105, agresywn\u0105 jazd\u0119, ale nie robi\u0119 tego wyczynowo.Na nartach je\u017cd\u017c\u0119 tylko rekreacyjnie, bywa\u0142em w g\u00f3rach szwedzkich i w Alpach Szwajcarskich.<\/p>\n<p><strong>Kuchnia<\/strong> &#8211; Ceni\u0119 dobr\u0105 kuchni\u0119, sam czasem co\u015b ugotuj\u0119. Pierogi ruskie, zrazy, zupa grzybowa, \u017curek &#8211; to ulubione dania, za kt\u00f3rymi przepadam. Jagni\u0119cin\u0119 sporz\u0105dzam na kilkana\u015bcie sposob\u00f3w. Uwielbiam sushi &#8230; Potrafi\u0119 upiec chleb i ciasto, robi\u0119 nalewki, z wi\u015bni, czarnych porzeczek, malin, \u015bliwek. Najstarsza ma ju\u017c 10 lat. Zapraszam na podstrony : Dla smakoszy<\/p>\n\n\n<p>PECKIJAII<\/p>\n","protected":false},"excerpt":{"rendered":"<p>Urodzi\u0142em si\u0119 w 1951 roku w Drezdenku w \u015brodku Puszczy Noteckiej, ma\u0142ej, \u0142adnie po\u0142o\u017conej w\u015br\u00f3d las\u00f3w i jezior, licz\u0105cej 11.000 mieszka\u0144c\u00f3w miejscowo\u015bci w pobli\u017cu Poznania. Tam sko\u0144czy\u0142em szko\u0142\u0119 podstawow\u0105 i \u015bredni\u0105 &#8211; Liceum Og\u00f3lnokszta\u0142c\u0105ce im.Stefana \u017beromskiego&nbsp;w Drezdenku- .W 1969 roku wyjecha\u0142em z Drezdenka. Studiowa\u0142em filologi\u0119 polsk\u0105 na Uniwersytecie im. A. Mickiewicza w Poznaniu. Studiowa\u0142em j\u0119zyk [&hellip;]<\/p>\n","protected":false},"author":2,"featured_media":0,"parent":0,"menu_order":0,"comment_status":"open","ping_status":"open","template":"","meta":{"ngg_post_thumbnail":0,"footnotes":""},"class_list":["post-26","page","type-page","status-publish","hentry"],"_links":{"self":[{"href":"https:\/\/www.depo.pl\/index.php?rest_route=\/wp\/v2\/pages\/26","targetHints":{"allow":["GET"]}}],"collection":[{"href":"https:\/\/www.depo.pl\/index.php?rest_route=\/wp\/v2\/pages"}],"about":[{"href":"https:\/\/www.depo.pl\/index.php?rest_route=\/wp\/v2\/types\/page"}],"author":[{"embeddable":true,"href":"https:\/\/www.depo.pl\/index.php?rest_route=\/wp\/v2\/users\/2"}],"replies":[{"embeddable":true,"href":"https:\/\/www.depo.pl\/index.php?rest_route=%2Fwp%2Fv2%2Fcomments&post=26"}],"version-history":[{"count":15,"href":"https:\/\/www.depo.pl\/index.php?rest_route=\/wp\/v2\/pages\/26\/revisions"}],"predecessor-version":[{"id":894,"href":"https:\/\/www.depo.pl\/index.php?rest_route=\/wp\/v2\/pages\/26\/revisions\/894"}],"wp:attachment":[{"href":"https:\/\/www.depo.pl\/index.php?rest_route=%2Fwp%2Fv2%2Fmedia&parent=26"}],"curies":[{"name":"wp","href":"https:\/\/api.w.org\/{rel}","templated":true}]}}