
{"id":33,"date":"2008-01-22T16:28:12","date_gmt":"2008-01-22T14:28:12","guid":{"rendered":"http:\/\/www.depo.pl\/wordpress\/?page_id=33"},"modified":"2019-01-29T23:06:49","modified_gmt":"2019-01-29T21:06:49","slug":"rhu","status":"publish","type":"page","link":"https:\/\/www.depo.pl\/?page_id=33","title":{"rendered":"Rhu"},"content":{"rendered":"<h1>R H U<\/h1>\n<hr size=\"1\">\n<table border=\"0\" width=\"750\" align=\"center\">\n<tbody>\n<tr>\n<td width=\"90%\">&nbsp;<\/td>\n<td class=\"dolr\" width=\"9%\"><a href=\"https:\/\/www.depo.pl\/Depo\/rhu.html#dol\"><img loading=\"lazy\" decoding=\"async\" src=\"https:\/\/www.depo.pl\/Depo\/Main\/down.gif\" alt=\"\" width=\"13\" height=\"9\" border=\"0\"><\/a><\/td>\n<td width=\"1%\">&nbsp;<\/td>\n<\/tr>\n<\/tbody>\n<\/table>\n<p class=\"j\">In Memoriam<\/p>\n<p class=\"j\">Nazywam si\u0119 Sunset Extravagance zwana pospolicie Rhu, co w j\u0119zyku celtyckim oznacza: czerwony, rudy. Oddaje to doskonale moje umaszczenie. &#8220;Modder Rhue&#8221; nazywali Irlandczycy swoje psy o takim w\u0142a\u015bnie umaszczeniu. M\u00f3j pan, wybieraj\u0105c imi\u0119 dla mnie, mia\u0142 w pami\u0119ci wskaz\u00f3wk\u0119 hodowczyni: imi\u0119 musi by\u0107 kr\u00f3tkie, najlepiej je\u015bli jednosylabowe, zawieraj\u0105ce jak\u0105\u015b samog\u0142osk\u0119 oraz &#8220;R&#8221;. Tak si\u0119 dziwnie sk\u0142ada, \u017ce moi 100 x pra-pra dziadkowie mieli na imi\u0119 &#8220;Rhue&#8221; i &#8220;Derg&#8221;. Imi\u0119 mi si\u0119 bardzo podoba.<\/p>\n<p class=\"c\">&nbsp;<\/p>\n<p style=\"text-align: center;\">&nbsp;<\/p>\n<p class=\"j\">Urodzi\u0142am si\u0119 12 lutego 1999 roku z matki: Red Tail&#8217;s Jazzica, pochodz\u0105cej ze Szwecji, oraz ojca: IT&#8217;s a Blue World z Arislandu. By\u0142o nas 5 siostrzyczek.<\/p>\n<p class=\"c\">&nbsp;<\/p>\n<p class=\"j\">W r\u0119ce pana trafi\u0142am troch\u0119 przypadkowo. Podczas podro\u017cy promem na trasie Gda\u0144sk \u2013 Szwecja przyjaci\u00f3\u0142ka pana, Gra\u017cyna, opowiada\u0142a o pierwszym pokoleniu, urodzonym przez importowan\u0105 ze Szwecji Red Tail&#8217;s Jazzica. Pan, ogl\u0105daj\u0105c zdj\u0119cia, zdecydowa\u0142 si\u0119 nagle.<\/p>\n<p class=\"j\">Nasze pierwsze spotkanie. Pan ma na imi\u0119 Justyn.<\/p>\n<p class=\"c\">&nbsp;<\/p>\n<p class=\"j\">Pan nie spyta\u0142 pani o zgod\u0119 i by\u0142o troch\u0119 awantury. P\u00f3\u017aniej jednak pani mnie pokocha\u0142a, chocia\u017c czasem krzyczy na mnie, ze nanios\u0142am piasku. A przecie\u017c setery musz\u0105 biega\u0107 \u2026 po \u0142\u0105kach, polach, lasach i gdzie si\u0119 tylko da. Nie dziwi mnie ju\u017c, \u017ce kiedy pani wraca z pracy, zawsze najpierw wita si\u0119 d\u0142ugo ze mn\u0105 , zanim w og\u00f3le spojrzy na pana.<\/p>\n<p class=\"j\">Z Gdyni trafi\u0142am do Warszawy. Podro\u017c znios\u0142am fatalnie i do\u015b\u0107 d\u0142ugo nie mog\u0142am si\u0119 przyzwyczai\u0107 do jazdy samochodem. Pan mia\u0142 w\u00f3wczas \u0142adnego, nowego Saab-a coupe, z jasnym, be\u017cowym obiciem &#8230; wspaniale kontrastowa\u0142 z moja sier\u015bci\u0105.<\/p>\n<p class=\"j\">Je\u017adzili\u015bmy du\u017co. Ju\u017c od pierwszego dnia zacz\u0119li\u015bmy regularnie je\u017adzi\u0107 do lasu i na laki. P\u00f3\u017aniej przekona\u0142am pana do kupna dzia\u0142ki pod Warszaw\u0105, abym mia\u0142a blisko na \u0142\u0105ki i do lasu. By\u0142o tam tylko kilka brz\u00f3zek i altanka &#8230; Wkr\u00f3tce pan postawi\u0142 <a href=\"https:\/\/www.depo.pl\/Depo\/dompolozenie.html\"><strong>DOM<\/strong><\/a>. Obieca\u0142 te\u017c, ze kupi mi towarzyszk\u0119, drug\u0105 seterk\u0119. No i sta\u0142o si\u0119, dotrzyma\u0142 s\u0142owa. Rok p\u00f3\u017aniej pojawi\u0142a si\u0119 w naszym domu moja siostra, <a href=\"https:\/\/www.depo.pl\/Depo\/nikita.html\"><strong>Nikita Irish Extravagance<\/strong><\/a>. P\u00f3\u0142 siostra, gdy\u017c mamy te sama matk\u0119, ale ro\u017cnych ojc\u00f3w. Lizuska z niej straszna, ci\u0105gle si\u0119 wpycha mi\u0119dzy pana i mnie. Ju\u017c nie mam do niej si\u0142y. P\u00f3\u017aniej sfora powi\u0119kszy\u0142a si\u0119 o <a href=\"https:\/\/www.depo.pl\/Depo\/dottir.html\"><strong>Dottir<\/strong><\/a> &#8211; hovawartk\u0119 i futrzaki &#8211; <a href=\"https:\/\/www.depo.pl\/Depo\/batman.html\"><strong>Batmana<\/strong><\/a> i,<a href=\"https:\/\/www.depo.pl\/Depo\/lapka.html\"><strong>\u0141apk\u0119<\/strong><\/a> i Findusa. Ju\u017c nie starcza miejsca na \u0142\u00f3\u017cku &#8211; dla Pana \ud83d\ude42<\/p>\n<p class=\"j\">Pa\u0144stwo karmi\u0105 nas Hillsem, twierdz\u0105c, \u017ce jest to najlepsza karma dla ps\u00f3w. Mo\u017ce to i prawda, ale lubi\u0119, kiedy doprawiaj\u0105 jedzenie tranem, czasem roso\u0142em. Najbardziej lubi\u0119 jagni\u0119cin\u0119, tylko ze nie chc\u0105 mi jej dawa\u0107. Musze podkrada\u0107. Wycwanili si\u0119 ostatnio i pilnuj\u0105 jak oka w g\u0142owie. Przecie\u017c mnie si\u0119 tez co\u015b od \u017cycia nale\u017cy. Nie pogardz\u0119 te\u017c w\u0119dlin\u0105, boczkiem w\u0119dzonym. Od pani dostaje cz\u0119sto serek waniliowy, jogurt. Pan ma zawsze na spacerze w kieszeni \u017c\u00f3\u0142ty ser albo kabanosy. Nie rozumiem, dlaczego nie da mi tego wszystkiego na raz. Zawsze, kiedy pogonie daleko za jakim\u015b \u015bladem, przypomina mu si\u0119, \u017ce ma dla mnie smako\u0142yk i musz\u0119 biec do niego z daleka, gdy\u017c inaczej sam zje &#8230;<\/p>\n<p class=\"j\">Naszym g\u0142\u00f3wnym zadaniem jest dba\u0107 o zdrowie pana. Wyci\u0105gamy go na spacery bardzo regularnie. Nikt, w\u0142\u0105cznie z lekarzem, nie m\u00f3g\u0142 zmusi\u0107 pana do ruchu. Dopiero mnie si\u0119 uda\u0142o. Kiedy\u015b m\u0119czy\u0142 si\u0119 ju\u017c po 10 minutach spaceru, teraz wytrzymuje z nami nawet dwugodzinny, ostry spacer. Cz\u0119sto spaceruje z nami <a href=\"http:\/\/www.hovawart-pl.com\/\" target=\"_blank\" rel=\"noopener\"><strong>Conny<\/strong><\/a>, zaprzyja\u017aniony hovawart. Nauczy\u0142 si\u0119 razem z nami gania\u0107 zaj\u0105ce. Biegamy w\u00f3wczas do upad\u0142ego &#8230; nie, nie naszego, lecz naszych w\u0142a\u015bcicieli. Dzi\u0119ki tym spacerom jeste\u015bmy wszyscy w doskona\u0142ej formie.<\/p>\n<p class=\"c\">&nbsp;<\/p>\n<p style=\"text-align: center;\">&nbsp;<\/p>\n<p class=\"j\">Niestety, nie uda\u0142o mi si\u0119 wywalczy\u0107 spania z pa\u0144stwem w \u0142\u00f3\u017cku, ale kiedy jestem wykapana i \u015bwie\u017ca, to pani pozwala mi z nimi spa\u0107. Moszcz\u0119 si\u0119 w\u00f3wczas na ca\u0142ym \u0142\u00f3\u017cku, spychaj\u0105c ich do k\u0105cika. Na codzie\u0144 mam w\u0142asne trzy pos\u0142ania, w sypialni, w salonie i na ganku. Najch\u0119tniej jednak wchodz\u0119 na kanap\u0119.<\/p>\n<p class=\"j\">Nie wpuszczaj\u0105 mnie na kanap\u0119 i do \u0142\u00f3\u017cka przez Nikit\u0119, Dottir, Batmana i \u0141apk\u0119, gdy\u017c oni si\u0119 ci\u0105gle wpychaj\u0105 za mn\u0105 &#8230; i jest w\u00f3wczas bardzo ciasno.<\/p>\n<p class=\"j\">Od pocz\u0105tku towarzysz\u0119 panu na okr\u0105g\u0142o, przez ca\u0142\u0105 dob\u0119. Du\u017co czasu sp\u0119dza\u0142am z nim w Radiostacji. Niekt\u00f3rzy nazywali mnie psem radiowym. Teraz ju\u017c rzadko spotykam moich dawnych przyjaci\u00f3\u0142 z radia.<\/p>\n<p class=\"c\">&nbsp;<\/p>\n<p class=\"c\">&nbsp;<\/p>\n<p class=\"j\">Wyst\u0105pi\u0142am ju\u017c w kilku filmach. R\u00f3wnie\u017c robi\u0142am za modelk\u0119 w kilku artyku\u0142ach o Radiostacji oraz w reklamie <a href=\"http:\/\/tele2.pl\/\" target=\"_blank\" rel=\"noopener\"><strong>Tele 2<\/strong><\/a>. Ode mnie zacz\u0119\u0142a si\u0119 moda na psy w reklamie.<\/p>\n<p class=\"c\">&nbsp;<\/p>\n<p style=\"text-align: center;\">&nbsp;<\/p>\n<p class=\"j\">Pan zmieni\u0142 prac\u0119, zacz\u0105\u0142 pracowa\u0107 w <a href=\"http:\/\/tele2.pl\/\" target=\"_blank\" rel=\"noopener\"><strong>Tele 2<\/strong><\/a>. Rzadziej je\u017adzi\u0142y\u015bmy z nim do biura. A\u017c wreszcie pan postanowi\u0142 by\u0107 tylko z nami i pracuje ju\u017c bardzo niewiele, rzadko wyje\u017cd\u017ca z domu, za to codziennie du\u017co chodzi i je\u017adzi z nami na spacery po \u0142\u0105kach i lesie w pobli\u017cu naszego domu. Ma kondycje, ledwo nad\u0105\u017camy za nim. Obieca\u0142 kiedy\u015b, \u017ce b\u0119dziemy chodzi\u0107 na spacery bez wzgl\u0119du na pogod\u0119. I dotrzymuje s\u0142owa, mimo, \u017ce my si\u0119 buntujemy, kiedy jest -30 mrozu lub +30 stopni ciep\u0142a.<\/p>\n<p class=\"j\">Dobrze \u017ce mamy w pobli\u017cu wod\u0119 i mo\u017cemy si\u0119 wyk\u0105pa\u0107, pop\u0142ywa\u0107, ponurkowa\u0107. Poza tym pan ma zawsze dwa bidony ze sob\u0105 i daje nam pi\u0107, kiedy poprosimy.<\/p>\n<p class=\"j\">Kiedy pan wyje\u017cd\u017ca, jest mi smutno. Opiekuje si\u0119 mn\u0105 pani &#8230; i wtedy wychodzi jej prawdziwa natura &#8230;<\/p>\n<p class=\"j\">Opr\u00f3cz Nikity i Dottir, w domu mieszkaja tez futrzaki, m.in. Batman. Mi\u0142y jest, ale si\u0119 strasznie rozpycha, wchodzi nam na pos\u0142ania i nie chce dzieli\u0107 si\u0119 jedzeniem, a do tego jest strasznie uparty. Ma bardzo ostre pazury, wiec go nie zaczepiam. Nie lubi\u0119 go, wrrrrrrr. Drugi futrzak, \u0141apka, jest milsza &#8211; ale pazurki ma r\u00f3wnie ostre.Jest tez Findus, to tez kotka. I vzasem przyjezdzaja Klara oraz Mordka vel Piecuch \ud83d\ude42<\/p>\n<h2>G A L E R I A<\/h2>\n<hr size=\"1\">\n<p class=\"j\"><span style=\"font-size: small;\"><span style=\"line-height: normal; -webkit-border-horizontal-spacing: 2px; -webkit-border-vertical-spacing: 2px;\">&nbsp;<\/span><\/span><\/p>\n<h1>R H U<\/h1>\n<h2>R O D O W \u00d3 D<\/h2>\n<hr size=\"1\">\n<p><span style=\"line-height: normal; -webkit-border-horizontal-spacing: 2px; -webkit-border-vertical-spacing: 2px; font-size: small;\"><br \/>\n<\/span><\/p>\n<table border=\"1\" width=\"98%\" align=\"center\">\n<tbody>\n<tr>\n<td rowspan=\"8\" width=\"22%\">\n<p class=\"l\">Ch.M\u0142.Pl.<br \/>\nCh.Pl.<br \/>\n<strong>It&#8217;s a Blue World z Arislandu<\/strong><\/p>\n<\/td>\n<td rowspan=\"4\" width=\"26%\">\n<p class=\"l\">Ch.Pl.<br \/>\n<strong>Linus Lester Chestnut&#8217;s<\/strong><\/p>\n<\/td>\n<td rowspan=\"2\" width=\"25%\">\n<p class=\"l\">ISch.Ch., DS.Ch.<br \/>\n<strong>Carnbergus Harris Tweed<\/strong><\/p>\n<\/td>\n<td width=\"27%\">\n<p class=\"l\"><strong>Glentarky Craven-A<\/strong><\/p>\n<\/td>\n<\/tr>\n<tr>\n<td width=\"27%\">\n<p class=\"l\"><strong>Carnbargus Racing Silk<\/strong><\/p>\n<\/td>\n<\/tr>\n<tr>\n<td rowspan=\"2\" width=\"25%\">\n<p class=\"l\">ISch.Ch., VDH Ch.<strong><br \/>\nChestnut&#8217;s Ginger<\/strong><\/p>\n<\/td>\n<td width=\"27%\">\n<p class=\"l\"><strong>Garbyowen Aristokrat<\/strong><\/p>\n<\/td>\n<\/tr>\n<tr>\n<td width=\"27%\">\n<p class=\"l\"><strong>Bronze Chestnut&#8217;s<\/strong><\/p>\n<\/td>\n<\/tr>\n<tr>\n<td rowspan=\"4\" width=\"26%\">\n<p class=\"l\">Ch.Pl.<br \/>\n<strong>Arisa Aria z Arislandu<\/strong><\/p>\n<\/td>\n<td rowspan=\"2\" width=\"25%\">\n<p class=\"l\">Ch.Pl.<br \/>\n<strong>Goldfoil v.d. Westerhuy&#8217;s<\/strong><\/p>\n<\/td>\n<td width=\"27%\">\n<p class=\"l\"><strong>Singing Foole Westerhuy&#8217;s<\/strong><\/p>\n<\/td>\n<\/tr>\n<tr>\n<td width=\"27%\">\n<p class=\"l\"><strong>Royal Image v.d. Westerhuy&#8217;s<\/strong><\/p>\n<\/td>\n<\/tr>\n<tr>\n<td rowspan=\"2\" width=\"25%\">\n<p class=\"l\"><strong>Swanee-River z Arislandu<\/strong><\/p>\n<\/td>\n<td width=\"27%\">\n<p class=\"l\"><strong>Fingal Connemara&#8217;s<\/strong><\/p>\n<\/td>\n<\/tr>\n<tr>\n<td width=\"27%\">\n<p class=\"l\"><strong>Arisa-Aria z Wilanowskich P\u00f3l<\/strong><\/p>\n<\/td>\n<\/tr>\n<tr>\n<td rowspan=\"8\" width=\"22%\">\n<p class=\"l\">Ch.Pl.<br \/>\n<strong>Red Tails Jazzica<\/strong><\/p>\n<\/td>\n<td rowspan=\"4\" width=\"26%\">\n<p class=\"l\"><strong>Bonbos Irish Gabriel<\/strong><\/p>\n<\/td>\n<td rowspan=\"2\" width=\"25%\">\n<p class=\"l\"><strong>Reddins Patrick<\/strong><\/p>\n<\/td>\n<td width=\"27%\">\n<p class=\"l\"><strong>Reddins Niall<\/strong><\/p>\n<\/td>\n<\/tr>\n<tr>\n<td width=\"27%\">\n<p class=\"l\"><strong>Reddins Harriet<\/strong><\/p>\n<\/td>\n<\/tr>\n<tr>\n<td rowspan=\"2\" width=\"25%\">\n<p class=\"l\"><strong>Reddins Clare<\/strong><\/p>\n<\/td>\n<td width=\"27%\">\n<p class=\"l\"><strong>Reddins Ferdinand<\/strong><\/p>\n<\/td>\n<\/tr>\n<tr>\n<td width=\"27%\">\n<p class=\"l\"><strong>Reddins Zelda<\/strong><\/p>\n<\/td>\n<\/tr>\n<tr>\n<td rowspan=\"4\" width=\"26%\">\n<p class=\"l\"><strong>South Side&#8217;s Veni-Vidi-Vici<\/strong><\/p>\n<\/td>\n<td rowspan=\"2\" width=\"25%\">\n<p class=\"l\"><strong>Red Tails Vi&#8217;ceroy<\/strong><\/p>\n<\/td>\n<td width=\"27%\">\n<p class=\"l\"><strong>Corriecas Alexander<\/strong><\/p>\n<\/td>\n<\/tr>\n<tr>\n<td width=\"27%\">\n<p class=\"l\"><strong>Red Tails My Melody<\/strong><\/p>\n<\/td>\n<\/tr>\n<tr>\n<td rowspan=\"2\" width=\"25%\">\n<p class=\"l\"><strong>Sowerhill Shona<\/strong><\/p>\n<\/td>\n<td width=\"27%\">\n<p class=\"l\"><strong>Millecroft the Matador<\/strong><\/p>\n<\/td>\n<\/tr>\n<tr>\n<td width=\"27%\">\n<p class=\"l\"><strong>Fearnley Fire Ember of Sowerhill<\/strong><\/p>\n<\/td>\n<\/tr>\n<\/tbody>\n<\/table>\n<h6><span style=\"font-size: xx-small;\">Linie Rhu i Nikity<\/span> mo\u017cna prze\u015bledzi\u0107 kilkana\u015bcie pokole\u0144 wstecz &#8211; obie maj\u0105 w sobie linie pochodz\u0105ce od dw\u00f3ch najwa\u017cniejszych dla rozwoju irland\u00f3w linii: od psa imieniem <span style=\"font-size: xx-small;\">BOB<\/span> oraz drugiego, jeszcze bardziej cenionego <span style=\"font-size: xx-small;\">Palmerstone<\/span>. Palmerstone po \u015bmierci zosta\u0142 zakonserwowany i mo\u017cna go ogl\u0105da\u0107 w The Irish Setter Club of America w hotelu Hilton w Nowym Yorku. Praprzodkami Rhu i Nikity s\u0105 wi\u0119c <span style=\"font-size: xx-small;\">Derg<\/span> i <span style=\"font-size: xx-small;\">Rhue<\/span>, widoczne na pocz\u0105tku linii. Linia prezentowana na zdj\u0119ciu si\u0119ga do hodowli <span style=\"font-size: xx-small;\">Sowerhill<\/span>, kt\u00f3r\u0105 mo\u017cna odnale\u017a\u0107 w rodowodach moich suk. Niewiele irland\u00f3w w Polsce mo\u017ce poszczyci\u0107 si\u0119 tak d\u0142ug\u0105 udokumentowan\u0105 lini\u0105. Obok matki Rhu i Nikity <span style=\"font-size: xx-small;\">Red Tails Jazzica<\/span> z hodowli <span style=\"font-size: xx-small;\">Extravagance<\/span> jest jeszcze <span style=\"font-size: xx-small;\">Odi<\/span> z hodowli <span style=\"font-size: xx-small;\">Derville<\/span>, kt\u00f3ry te\u017c mo\u017ce udokumentowa\u0107 tak d\u0142ug\u0105 lini\u0119, poprzez hodowl\u0119 Sowerhill.<\/h6>\n<p class=\"c\">&nbsp;<\/p>\n","protected":false},"excerpt":{"rendered":"<p>R H U &nbsp; &nbsp; In Memoriam Nazywam si\u0119 Sunset Extravagance zwana pospolicie Rhu, co w j\u0119zyku celtyckim oznacza: czerwony, rudy. Oddaje to doskonale moje umaszczenie. &#8220;Modder Rhue&#8221; nazywali Irlandczycy swoje psy o takim w\u0142a\u015bnie umaszczeniu. M\u00f3j pan, wybieraj\u0105c imi\u0119 dla mnie, mia\u0142 w pami\u0119ci wskaz\u00f3wk\u0119 hodowczyni: imi\u0119 musi by\u0107 kr\u00f3tkie, najlepiej je\u015bli jednosylabowe, zawieraj\u0105ce [&hellip;]<\/p>\n","protected":false},"author":2,"featured_media":0,"parent":0,"menu_order":50,"comment_status":"open","ping_status":"open","template":"","meta":{"ngg_post_thumbnail":0,"footnotes":""},"class_list":["post-33","page","type-page","status-publish","hentry"],"_links":{"self":[{"href":"https:\/\/www.depo.pl\/index.php?rest_route=\/wp\/v2\/pages\/33","targetHints":{"allow":["GET"]}}],"collection":[{"href":"https:\/\/www.depo.pl\/index.php?rest_route=\/wp\/v2\/pages"}],"about":[{"href":"https:\/\/www.depo.pl\/index.php?rest_route=\/wp\/v2\/types\/page"}],"author":[{"embeddable":true,"href":"https:\/\/www.depo.pl\/index.php?rest_route=\/wp\/v2\/users\/2"}],"replies":[{"embeddable":true,"href":"https:\/\/www.depo.pl\/index.php?rest_route=%2Fwp%2Fv2%2Fcomments&post=33"}],"version-history":[{"count":2,"href":"https:\/\/www.depo.pl\/index.php?rest_route=\/wp\/v2\/pages\/33\/revisions"}],"predecessor-version":[{"id":893,"href":"https:\/\/www.depo.pl\/index.php?rest_route=\/wp\/v2\/pages\/33\/revisions\/893"}],"wp:attachment":[{"href":"https:\/\/www.depo.pl\/index.php?rest_route=%2Fwp%2Fv2%2Fmedia&parent=33"}],"curies":[{"name":"wp","href":"https:\/\/api.w.org\/{rel}","templated":true}]}}