
{"id":34,"date":"2008-01-22T16:28:31","date_gmt":"2008-01-22T14:28:31","guid":{"rendered":"http:\/\/www.depo.pl\/wordpress\/?page_id=34"},"modified":"2019-01-29T23:06:06","modified_gmt":"2019-01-29T21:06:06","slug":"nikita","status":"publish","type":"page","link":"https:\/\/www.depo.pl\/?page_id=34","title":{"rendered":"Nikita"},"content":{"rendered":"<p class=\"j\">In Memoriam<\/p>\n<p class=\"j\">Nazywam si\u0119 Nikita Irish Extravagance.<\/p>\n<p class=\"j\">Urodzi\u0142am si\u0119 13 marca 2000 roku w Gda\u0144sku. Ceni\u0119 sobie spok\u00f3j i \u017ceby mi nikt nie przeszkadza\u0142 w tuleniu si\u0119 do Pana. Lubi\u0119 p\u0142ywa\u0107 i gania\u0107 zaj\u0105ce.<\/p>\n<p class=\"j\">Moi rodzice to: Red Tail&#8217;s Jazzica, pochodz\u0105ca ze Szwecji, oraz ojciec: Arlet Kaj Terapia.<\/p>\n<p class=\"j\">Mieszkam razem z moj\u0105 przyrodni\u0105 siostr\u0105 <a href=\"https:\/\/www.depo.pl\/Depo\/rhu.html\"><strong>Rhu<\/strong><\/a>, kuzynk\u0105 <a href=\"https:\/\/www.depo.pl\/Depo\/dottir.html\"><strong>Dottir<\/strong><\/a>, kotem <a href=\"https:\/\/www.depo.pl\/Depo\/batman.html\"><strong>Batmanem<\/strong><\/a> i kotk\u0105 <a href=\"https:\/\/www.depo.pl\/Depo\/lapka.html\"><strong>\u0141apk\u0105<\/strong><\/a> oraz pa\u0144stwem w domku pod Warszaw\u0105. Rhu zawsze bije si\u0119 ze mn\u0105 o jedzenie. jest silniejsza, wi\u0119c mi odbiera. Za to ja rewan\u017cuj\u0119 si\u0119 podczas zabawy, zabieraj\u0105c jej zabawki, pi\u0142ki i kije.<\/p>\n<p class=\"j\">Dottir jest strasznie niezno\u015bna, wpycha si\u0119 mi\u0119dzy pana i mnie. I ci\u0105gle mnie zaczepia. Nie cierpi\u0119 jej. Mia\u0142am pana tylko dla siebie, a teraz musz\u0119 si\u0119 dzieli\u0107 &#8230;<\/p>\n<p class=\"j\">Mam trzy pos\u0142ania, w sypialni, na dole w salonie i na ganku. Batman cz\u0119sto \u015bpi ze mn\u0105.<\/p>\n<p class=\"c\">&nbsp;<\/p>\n<p class=\"j\">Tak naprawd\u0119 najbardziej lubi\u0119 tuli\u0107 si\u0119 do pana, nie zawsze jest to jednak mo\u017cliwe, gdy\u017c pan robi r\u00f3\u017cne rzeczy i nie wolno mu wtedy przeszkadza\u0107.<\/p>\n<p class=\"c\"><a>&nbsp;<\/a><\/p>\n<p class=\"c\">&nbsp;<\/p>\n<p class=\"c\">&nbsp;<\/p>\n<p class=\"j\">Pan kupi\u0142 dla nas dzia\u0142k\u0119 pod Warszawa, na obrze\u017cu lasu Legionowskiego. Jest tam wspania\u0142y teren, pe\u0142en lak, p\u00f3l, las\u00f3w, wydm i zagajnik\u00f3w. Szalejemy, biegaj\u0105c dok\u0105d nas \u0142apy ponios\u0105, a raczej dok\u0105d nas w\u0119ch poprowadzi. Dziki, sarny, zaj\u0105ce, ba\u017canty, lisy spotykamy bardzo cz\u0119sto. Dzik\u00f3w unikamy, sarenki chwile pogonimy, za to z zaj\u0105cem nie dajemy sobie rady. Zawsze nas tak mocno zgania, ze ledwo \u017cyjemy. Wracamy na mi\u0119kkich nogach. Na szcz\u0119\u015bcie pan ma zawsze bidony z woda dla siebie i dla nas. W soboty i niedziele do\u0142\u0105cza si\u0119 do nas pani. Cz\u0119sto je\u017cd\u017c\u0105 na rowerach a my biegamy obok i przed nimi. Jest pysznie, gdy\u017c mog\u0119 goni\u0105c przed pa\u0144stwem przebiec kilkana\u015bcie kilometr\u00f3w.<\/p>\n<p class=\"j\">Rano idziemy na godzin\u0119 na laki i do lasu. W po\u0142udnie kr\u00f3tka, 30 minutowa przechadzka. Po po\u0142udniu codziennie, bez wzgl\u0119du na pogod\u0119, idziemy na \u0142\u0105ki, do lasu, nad wod\u0119. Godzin\u0119, dwie ostrego chodzenia lub terenowej jazdy rowerowej. Wieczorem te\u017c jeszcze wychodzimy sobie pochodzi\u0107. Niekt\u00f3rzy m\u00f3wi\u0105, \u017ce mamy nudne \u017cycie. Ale my nie narzekamy. W soboty i niedziele mamy do dyspozycji kilka ro\u017cnych tras dwugodzinnych.<\/p>\n<h2>G A L E R I A<\/h2>\n<p class=\"j\">&nbsp;<\/p>\n<h2>R O D O W \u00d3 D<\/h2>\n<hr size=\"1\">\n<p><span style=\"line-height: normal; -webkit-border-horizontal-spacing: 2px; -webkit-border-vertical-spacing: 2px; font-size: small;\">&nbsp;<\/span><\/p>\n<table border=\"1\" width=\"98%\" align=\"center\">\n<tbody>\n<tr>\n<td rowspan=\"8\" width=\"22%\">\n<p class=\"l\">Ch.Pl.<br \/>\nZw.Klubu&#8217;99<br \/>\n<strong>Arlet-Kaj Terapia<\/strong><\/p>\n<\/td>\n<td rowspan=\"4\" width=\"26%\">\n<p class=\"l\">Ch.<br \/>\n<strong>Stormbelt v.d. Westerhuy<\/strong><\/p>\n<\/td>\n<td rowspan=\"2\" width=\"25%\">\n<p class=\"l\"><strong>Bardonhill Storm Front<\/strong><\/p>\n<\/td>\n<td width=\"27%\">\n<p class=\"l\"><strong>Laggan Glen Ettrick<\/strong><\/p>\n<\/td>\n<\/tr>\n<tr>\n<td width=\"27%\">\n<p class=\"l\"><strong>Barconhill Kiss-A-Gram<\/strong><\/p>\n<\/td>\n<\/tr>\n<tr>\n<td rowspan=\"2\" width=\"25%\">\n<p class=\"l\"><strong>Sweet Charity v.d. Wester Huy<\/strong><\/p>\n<\/td>\n<td width=\"27%\">\n<p class=\"l\"><strong>Erinade Leroy of Westerhuys<\/strong><\/p>\n<\/td>\n<\/tr>\n<tr>\n<td width=\"27%\">\n<p class=\"l\"><strong>Corkey v.d. Wester-Huy<\/strong><\/p>\n<\/td>\n<\/tr>\n<tr>\n<td rowspan=\"4\" width=\"26%\">\n<p class=\"l\">Ch.Pl.<br \/>\n<strong>Megan Zoo-Eden<\/strong><\/p>\n<\/td>\n<td rowspan=\"2\" width=\"25%\">\n<p class=\"l\">Ch.Pl.<br \/>\n<strong>Joga Rysi Wykrot<\/strong><\/p>\n<\/td>\n<td width=\"27%\">\n<p class=\"l\"><strong>Feniks-Bell Rysi Wykrot<\/strong><\/p>\n<\/td>\n<\/tr>\n<tr>\n<td width=\"27%\">\n<p class=\"l\"><strong>Gosta II Rysi Wykrot<\/strong><\/p>\n<\/td>\n<\/tr>\n<tr>\n<td rowspan=\"2\" width=\"25%\">\n<p class=\"l\"><strong>Cytra z Czerwonego Bagna<\/strong><\/p>\n<\/td>\n<td width=\"27%\">\n<p class=\"l\"><strong>King Rocky Top CS<\/strong><\/p>\n<\/td>\n<\/tr>\n<tr>\n<td width=\"27%\">\n<p class=\"l\"><strong>Dora z Mysiej Wie\u017cy<\/strong><\/p>\n<\/td>\n<\/tr>\n<tr>\n<td rowspan=\"8\" width=\"22%\">\n<p class=\"l\">Ch.Pl.<br \/>\n<strong>Red Tails Jazzica<\/strong><\/p>\n<\/td>\n<td rowspan=\"4\" width=\"26%\">\n<p class=\"l\"><strong>Bonbos Irish Gabriel<\/strong><\/p>\n<\/td>\n<td rowspan=\"2\" width=\"25%\">\n<p class=\"l\"><strong>Reddins Patrick<\/strong><\/p>\n<\/td>\n<td width=\"27%\">\n<p class=\"l\"><strong>Reddins Niall<\/strong><\/p>\n<\/td>\n<\/tr>\n<tr>\n<td width=\"27%\">\n<p class=\"l\"><strong>Reddins Harriet<\/strong><\/p>\n<\/td>\n<\/tr>\n<tr>\n<td rowspan=\"2\" width=\"25%\">\n<p class=\"l\"><strong>Reddins Clare<\/strong><\/p>\n<\/td>\n<td width=\"27%\">\n<p class=\"l\"><strong>Reddins Ferdinand<\/strong><\/p>\n<\/td>\n<\/tr>\n<tr>\n<td width=\"27%\">\n<p class=\"l\"><strong>Reddins Zelda<\/strong><\/p>\n<\/td>\n<\/tr>\n<tr>\n<td rowspan=\"4\" width=\"26%\">\n<p class=\"l\"><strong>South Side&#8217;s Veni-Vidi-Vici<\/strong><\/p>\n<\/td>\n<td rowspan=\"2\" width=\"25%\">\n<p class=\"l\"><strong>Red Tails Vi&#8217;ceroy<\/strong><\/p>\n<\/td>\n<td width=\"27%\">\n<p class=\"l\"><strong>Corriecas Alexander<\/strong><\/p>\n<\/td>\n<\/tr>\n<tr>\n<td width=\"27%\">\n<p class=\"l\"><strong>Red Tails My Melody<\/strong><\/p>\n<\/td>\n<\/tr>\n<tr>\n<td rowspan=\"2\" width=\"25%\">\n<p class=\"l\"><strong>Sowerhill Shona<\/strong><\/p>\n<\/td>\n<td width=\"27%\">\n<p class=\"l\"><strong>Millecroft the Matador<\/strong><\/p>\n<\/td>\n<\/tr>\n<tr>\n<td width=\"27%\">\n<p class=\"l\"><strong>Fearnley Fire Ember of Sowerhill<\/strong><\/p>\n<\/td>\n<\/tr>\n<\/tbody>\n<\/table>\n<h6><span style=\"font-size: xx-small;\">Linie Rhu i Nikity<\/span> mo\u017cna prze\u015bledzi\u0107 kilkana\u015bcie pokole\u0144 wstecz &#8211; obie maj\u0105 w sobie linie pochodz\u0105ce od dw\u00f3ch najwa\u017cniejszych dla rozwoju irland\u00f3w linii: od psa imieniem <span style=\"font-size: xx-small;\">BOB<\/span> oraz drugiego, jeszcze bardziej cenionego <span style=\"font-size: xx-small;\">Palmerstone<\/span>. Palmerstone po \u015bmierci zosta\u0142 zakonserwowany i mo\u017cna go ogl\u0105da\u0107 w The Irish Setter Club of America w hotelu Hilton w Nowym Yorku. Praprzodkami Rhu i Nikity s\u0105 wi\u0119c <span style=\"font-size: xx-small;\">Derg<\/span> i <span style=\"font-size: xx-small;\">Rhue<\/span>, widoczne na pocz\u0105tku linii. Linia prezentowana na zdj\u0119ciu si\u0119ga do hodowli <span style=\"font-size: xx-small;\">Sowerhill<\/span>, kt\u00f3r\u0105 mo\u017cna odnale\u017a\u0107 w rodowodach moich suk. Niewiele irland\u00f3w w Polsce mo\u017ce poszczyci\u0107 si\u0119 tak d\u0142ug\u0105 udokumentowan\u0105 lini\u0105. Obok matki Rhu i Nikity <span style=\"font-size: xx-small;\">Red Tails Jazzica<\/span> z hodowli <span style=\"font-size: xx-small;\">Extravagance<\/span> jest jeszcze <span style=\"font-size: xx-small;\">Odi<\/span> z hodowli <span style=\"font-size: xx-small;\">Derville<\/span>, kt\u00f3ry te\u017c mo\u017ce udokumentowa\u0107 tak d\u0142ug\u0105 lini\u0119, poprzez hodowl\u0119 Sowerhill.<\/h6>\n<h2>W Y S T A W Y<\/h2>\n<hr size=\"1\">\n<p><span style=\"line-height: normal; -webkit-border-horizontal-spacing: 2px; -webkit-border-vertical-spacing: 2px; font-size: small;\">&nbsp;<\/span><\/p>\n<p class=\"j\">By\u0142am na kilkunastu wystawach w Polsce i poza Polsk\u0105. Nie cierpi\u0119 jazd, nie cierpi\u0119 pokazywania si\u0119, ale dla pana zrobi\u0119 wszystko. \u017beby mie\u0107 spok\u00f3j, zdoby\u0142am tytu\u0142 Championa Polski. I ju\u017c nie b\u0119d\u0119 je\u017adzi\u0107 wi\u0119cej. Na 15 wystawach &#8211; 1 raz zdoby\u0142am CACIB, 1 raz zdoby\u0142am res. CACIB, 4 razy CWC i 3 razy Najlepsz\u0105 Suk\u0119 w Rasie, 12 razy by\u0142am doskona\u0142a, 3 razy bardzo dobra.<\/p>\n<p class=\"c\">&nbsp;<\/p>\n<p class=\"c\">&nbsp;<\/p>\n<p class=\"c\">&nbsp;<\/p>\n<p class=\"c\">&nbsp;<\/p>\n<p class=\"j\">&nbsp;<\/p>\n","protected":false},"excerpt":{"rendered":"<p>In Memoriam Nazywam si\u0119 Nikita Irish Extravagance. Urodzi\u0142am si\u0119 13 marca 2000 roku w Gda\u0144sku. Ceni\u0119 sobie spok\u00f3j i \u017ceby mi nikt nie przeszkadza\u0142 w tuleniu si\u0119 do Pana. Lubi\u0119 p\u0142ywa\u0107 i gania\u0107 zaj\u0105ce. Moi rodzice to: Red Tail&#8217;s Jazzica, pochodz\u0105ca ze Szwecji, oraz ojciec: Arlet Kaj Terapia. Mieszkam razem z moj\u0105 przyrodni\u0105 siostr\u0105 Rhu, [&hellip;]<\/p>\n","protected":false},"author":2,"featured_media":0,"parent":0,"menu_order":40,"comment_status":"open","ping_status":"open","template":"","meta":{"ngg_post_thumbnail":0,"footnotes":""},"class_list":["post-34","page","type-page","status-publish","hentry"],"_links":{"self":[{"href":"https:\/\/www.depo.pl\/index.php?rest_route=\/wp\/v2\/pages\/34","targetHints":{"allow":["GET"]}}],"collection":[{"href":"https:\/\/www.depo.pl\/index.php?rest_route=\/wp\/v2\/pages"}],"about":[{"href":"https:\/\/www.depo.pl\/index.php?rest_route=\/wp\/v2\/types\/page"}],"author":[{"embeddable":true,"href":"https:\/\/www.depo.pl\/index.php?rest_route=\/wp\/v2\/users\/2"}],"replies":[{"embeddable":true,"href":"https:\/\/www.depo.pl\/index.php?rest_route=%2Fwp%2Fv2%2Fcomments&post=34"}],"version-history":[{"count":3,"href":"https:\/\/www.depo.pl\/index.php?rest_route=\/wp\/v2\/pages\/34\/revisions"}],"predecessor-version":[{"id":892,"href":"https:\/\/www.depo.pl\/index.php?rest_route=\/wp\/v2\/pages\/34\/revisions\/892"}],"wp:attachment":[{"href":"https:\/\/www.depo.pl\/index.php?rest_route=%2Fwp%2Fv2%2Fmedia&parent=34"}],"curies":[{"name":"wp","href":"https:\/\/api.w.org\/{rel}","templated":true}]}}