
{"id":35,"date":"2008-01-22T16:28:51","date_gmt":"2008-01-22T14:28:51","guid":{"rendered":"http:\/\/www.depo.pl\/wordpress\/?page_id=35"},"modified":"2019-01-29T23:01:59","modified_gmt":"2019-01-29T21:01:59","slug":"dottir","status":"publish","type":"page","link":"https:\/\/www.depo.pl\/?page_id=35","title":{"rendered":"Dottir"},"content":{"rendered":"<p>In Memoriam<br \/>\nNazywam si\u0119 Dottir, co znaczy po islandzku c\u00f3rka. Moi rodzice to Korad Avrafastes Brie oraz Aggy Oldtyr. (Ale prawdziwy rodzic to m\u00f3j pan, <a href=\"https:\/\/www.depo.pl\/Depo\/justyn.html\"><strong>Justyn<\/strong><\/a>, dla kt\u00f3rego sta\u0142am si\u0119 kolejna c\u00f3rk\u0105). Pan mnie straszliwie rozpuszcza. I moja Pani Ania tez. Mam tez druga&nbsp; pa\u0144ci\u0119&nbsp; <a href=\"http:\/\/www.hovawart-pl.com\/\" target=\"_blank\" rel=\"noopener\"><strong>Ani\u0119<\/strong><\/a>, kt\u00f3ra zabiera mnie czasem do siebie na weekendy.&nbsp; My\u015bli, \u017ce mnie trzyma tward\u0105 r\u0119k\u0105 i nie daje mi si\u0119 za bardzo rozpanoszy\u0107. Ale tak naprawd\u0119 pozwalam jej ze sob\u0105 spa\u0107 w \u0142\u00f3\u017cku i prowadzam j\u0105 na spacery, \u017ceby jej si\u0119 nie nudzi\u0142o. I jej psy te\u017c mnie s\u0142uchaj\u0105 cho\u0107 m\u00f3j tatu\u015b to mo\u017ce nie za bardzo, bo jestem jeszcze za ma\u0142a \ud83d\ude09 Ania jest ze mnie bardzo dumna i chce \u017cebym bardzo \u0142adnie si\u0119 prezentowa\u0142a, grzecznie zachowywa\u0142a i by\u0142a hovawartem a nie seterem.<\/p>\n<p class=\"j\">( No, udalo sie, juz&nbsp; do niej tak czesto nie chodze.)<\/p>\n<p>*<\/p>\n<p class=\"j\">Urodzi\u0142am si\u0119 2 czerwca 2003 i szybko postanowi\u0142am wyemigrowa\u0107 z Norwegii do Polski. Uda\u0142o mi si\u0119 to w sierpniu 2003. Jecha\u0142am z panem, z <a href=\"http:\/\/www.drammen.kommune.no\/\" target=\"_blank\" rel=\"noopener\"><strong>Drammen<\/strong><\/a> obok Oslo, przez Sztokholm, Karlskrone do Warszawy. 1500 km podr\u00f3\u017cy samochodem i statkiem znios\u0142am bardzo dobrze, podoba\u0142o mi si\u0119 \u015bciganie na trasie, podoba\u0142o mi si\u0119 na statku, chocia\u017c nie mog\u0142abym zosta\u0107 marynarzem &#8211; za ma\u0142o zieleni.<\/p>\n<p class=\"c\">&nbsp;<\/p>\n<p class=\"c\">&nbsp;<\/p>\n<p class=\"j\">Trafi\u0142am do domu, gdzie ju\u017c czekali na mnie <a href=\"https:\/\/www.depo.pl\/Depo\/rhu.html\"><strong>Rhu<\/strong><\/a>, <a href=\"https:\/\/www.depo.pl\/Depo\/nikita.html\"><strong>Nikita<\/strong><\/a> oraz kot <a href=\"https:\/\/www.depo.pl\/Depo\/batman.html\"><strong>Batman<\/strong><\/a>. Musz\u0119 walczy\u0107 o swoje miejsce, oni my\u015bl\u0105, \u017ce jak jestem najm\u0142odsza, to im ust\u0105pi\u0119. Ale nie wiedz\u0105, ze jestem bardzo uparta. Doszed\u0142 jeszcze jeden futrzak, <a href=\"https:\/\/www.depo.pl\/Depo\/lapka.html\"><strong>\u0141apka<\/strong><\/a>. Ma\u0142a, ale zadziorna. I z ostrymi pazurkami.<\/p>\n<p class=\"j\">Wi\u0119c porz\u0105dek ustali\u0142 si\u0119 nast\u0119puj\u0105cy: Rhu rz\u0105dzi, ale ju\u017c nied\u0142ugo. Ja rz\u0105dz\u0119 Nikit\u0105. Futrzaki omijam, nie potrafi\u0105 si\u0119 bawi\u0107. Rz\u0105dz\u0119 te\u017c innymi burkami w okolicy, nie podskocz\u0105 mi. Szczekaj\u0105 i pyszcz\u0105 schowane bezpiecznie za siatkami, ale niech tylko si\u0119 poka\u017c\u0105 na moim terenie. To tak je pop\u0119dz\u0119, \u017ce &#8230;<\/p>\n<p class=\"j\">&#8230;.Min\u0119\u0142o kilka miesi\u0119cy. Jestem ju\u017c doros\u0142a. Pan si\u0119 bardzo mn\u0105 chwali, jak przychodz\u0105 go\u015bcie, to opowiada, jaka jestem m\u0105dra. A ja tylko skromnie si\u0119 u\u015bmiecham, niech si\u0119 cieszy, po to jestem u niego. Pilnuje te\u017c domu przed obcymi. Nikt mi ju\u017c nie podskoczy, nawet na spacerze odganiam obcych. Gdyby mnie Pan nie zatrzymywa\u0142, to dopiero bym pokaza\u0142a, co potrafi\u0119. O, p\u0142ywa\u0107 na przyk\u0142ad potrafi\u0119. Ka\u017cda woda jest dobra do p\u0142ywania. Nawet najmniejsza ka\u0142u\u017ca. I jak \u0142adnie o jedzenie prosi\u0107 potrafi\u0119. I jeszcze potrafi\u0119 wyw\u0119szy\u0107 \u015blady saren, zaj\u0119cy i dzik\u00f3w. Pan m\u00f3wi, \u017ce jestem gordon seterem i musz\u0119 mu przyzna\u0107 troch\u0119 racji. Zamiast wys\u0142a\u0107 mnie do szko\u0142y my\u015bliwskiej, wysy\u0142aj\u0105 mnie do zwyk\u0142ej szko\u0142y. Nie rozumiem, dlaczego, gdy\u017c JA ju\u017c wszystko potrafi\u0119. I siadam \u0142adnie, kiedy (ja) chc\u0119. I do nogi przychodz\u0119, kiedy (ja) chc\u0119. I potrafi\u0119 zrobi\u0107 &#8220;waruj&#8221; &#8211; kiedy (ja) chc\u0119. I zostaj\u0119 na miejscu &#8211; kiedy (ja) chc\u0119. Zupe\u0142nie niepotrzebnie mnie tego ucz\u0105. W straconym czasie mog\u0142abym praktykowa\u0107 \u015bciganie zaj\u0105ca lub p\u0142oszenie dzik\u00f3w. Jaka to pyszna zabawa stan\u0105\u0107 naprzeciwko ody\u0144ca, spojrze\u0107 mu gro\u017anie w oczy, a p\u00f3\u017aniej szczekn\u0105\u0107 &#8211; i patrze\u0107 najpierw jak ucieka, by w chwil\u0119 p\u00f3\u017aniej za nim pogoni\u0107. Do tego jestem stworzona. Moja Pani Ania nazywa mnie &#8220;swoim czarnym szcz\u0119\u015bciem&#8221; &#8211; tak j\u0105 przekabaci\u0142am na swoj\u0105 stron\u0119. Tulimy si\u0119 do siebie cz\u0119sto, lubi\u0119 te\u017c jej przeszkadza\u0107 kiedy \u0107wiczy. Nie omin\u0119 te\u017c \u017cadnej okazji, \u017ceby da\u0107 jej buziaka. Gdy\u017c buziaki dawa\u0107 te\u017c potrafi\u0119. Nawet jak si\u0119 przede mn\u0105 chowaj\u0105, skrywaj\u0105 g\u0142ow\u0119 w ramionach, to wyczekam na odpowiedni moment i &#8220;cmok&#8221; w policzek. Zawsze przechytrz\u0119 i wychodzi na moje. Chc\u0119 ca\u0142owa\u0107 i B\u0118D\u0118 ca\u0142owa\u0107. W domu nazwali mnie nawet &#8221; Buziaczek&#8221; . Pani sobie nie wyobraza zycia beze mnie. Uwielbiam strasznie biega\u0107 za Pani\u0105 Ani\u0105, kiedy na spacer je\u017adzi rowerem. Tak si\u0119 mocno rozp\u0119dza, \u017ce ledwo za ni\u0105 nad\u0105\u017camy. Pan tak szybko nie je\u017adzi. On to statecznie po wertepach si\u0119 telepie &#8211; a Pani tylko &#8220;fruuuuuuu&#8221; i gon za ni\u0105. No i ona chodzi z nami na \u0142\u0105ki, gdzie do woli mo\u017cemy si\u0119 wyhasa\u0107.<\/p>\n<p class=\"j\"><strong>W 2004 zosta\u0142am M\u0142odzie\u017cowym Championem Polski !!! Natomiast w 2005 zostalam rowniez Championem Polski.<\/strong><\/p>\n<p class=\"j\">W listopadzie 2006 urodzilam 4 piekne szczeniaki.W styczniu 2007 pojechaly juz do nowych domow. Na razie mam dosyc macierzynstwa, za duzo czasu trzeba poswiecac maluchom. Wole zyc bez zobowiazan , wraz z moimi &#8220;siostrami&#8221; &#8211; Nikita i Rhu. ( Futrzakow nie lubie &#8211; pchaja sie na kolana do Pana a to jest MOJE miejsce!! )<\/p>\n<p class=\"c\">&nbsp;<\/p>\n<h2>R O D O W \u00d3 D<\/h2>\n<hr size=\"1\">\n<table border=\"0\" width=\"750\" align=\"center\">\n<tbody>\n<tr>\n<td width=\"10%\">&nbsp;<\/td>\n<td width=\"80%\">&nbsp;<\/td>\n<td class=\"dolr\" width=\"9%\"><a href=\"https:\/\/www.depo.pl\/Depo\/dottirpedigree.html#dol\"><img loading=\"lazy\" decoding=\"async\" src=\"https:\/\/www.depo.pl\/Depo\/Main\/down.gif\" alt=\"\" width=\"13\" height=\"9\" border=\"0\"><\/a><\/td>\n<td width=\"1%\">&nbsp;<\/td>\n<\/tr>\n<\/tbody>\n<\/table>\n<table border=\"1\" width=\"98%\" align=\"center\">\n<tbody>\n<tr>\n<td rowspan=\"8\" width=\"25%\">\n<p class=\"l\">Int.Ch.<br \/>\nDt.VDH.Ch.<br \/>\nDt.Klub (RZV) Ch.<br \/>\nLux.Ch.<br \/>\nPl.Ch.<br \/>\nVDH-EuSg &#8217;98<br \/>\nFr.Longchamp Sg &#8217;00<br \/>\nLux.Sg &#8217;00<br \/>\nPl.Sg &#8217;96, &#8217;97, &#8217;98<br \/>\nPl.Klub Sg &#8217;98, &#8217;01<br \/>\nPT 1, IPO 1<br \/>\nTAN HD A1<br \/>\n<strong> <a>Aggy Oldtyr<\/a><\/strong><br \/>\n(blond)<\/p>\n<\/td>\n<td rowspan=\"4\" width=\"25%\">\n<p class=\"l\">Ch.Pl.<br \/>\nCh.CS.<br \/>\nCS Sg<br \/>\nZM ZVV1<br \/>\n<strong> <a>Arko Heland<\/a><\/strong><br \/>\n(czarny podpalany)<\/p>\n<\/td>\n<td rowspan=\"2\" width=\"25%\">\n<p class=\"l\">Ch.Aus.<br \/>\n<strong> <a>Ago v. Bretterkeller<\/a><\/strong><br \/>\n(blond)<\/p>\n<\/td>\n<td width=\"25%\">\n<p class=\"l\">Int.Ch. \u00d6ster.Ch. Sch H1<br \/>\n<strong>Atlas v.d. 3 F\u00f6hren<\/strong><br \/>\n(czarna podpalana)<\/p>\n<\/td>\n<\/tr>\n<tr>\n<td width=\"25%\">\n<p class=\"l\">Bund.Sg.<br \/>\n<strong>Allegra v.d. Schildesche<\/strong><br \/>\n(blond)<\/p>\n<\/td>\n<\/tr>\n<tr>\n<td rowspan=\"2\" width=\"25%\">\n<p class=\"l\">Ch.Pl.<br \/>\n<strong> <a>Brita v.d. Funkenm\u00fchle<\/a><\/strong><br \/>\n(czarna podpalana)<\/p>\n<\/td>\n<td width=\"25%\">\n<p class=\"l\"><strong>Basko v. Scmogrower Forst<\/strong><br \/>\n(czarna podpalana)<\/p>\n<\/td>\n<\/tr>\n<tr>\n<td width=\"25%\">\n<p class=\"l\">Ch.Pl.<br \/>\n<strong>Anka v. Nachtigalenstieg<\/strong><br \/>\n(czarna podpalana)<\/p>\n<\/td>\n<\/tr>\n<tr>\n<td rowspan=\"4\" width=\"25%\">\n<p class=\"l\"><strong> <a>Centa Kralovske Zatisi CS<\/a><br \/>\n<\/strong> (czarna podpalana)<\/p>\n<\/td>\n<td rowspan=\"2\" width=\"25%\">\n<p class=\"l\">Sieger<br \/>\n<strong>Ayko Plavy Vitr CS<\/strong><br \/>\n(blond)<\/p>\n<\/td>\n<td width=\"25%\">\n<p class=\"l\"><strong> <a>Dargo vom Spreetal<\/a><\/strong><br \/>\n(blond)<\/p>\n<\/td>\n<\/tr>\n<tr>\n<td width=\"25%\">\n<p class=\"l\">Ch.CS SR Sieger<br \/>\n<strong> <a>Selly v. Elbflorenz<\/a><\/strong><br \/>\n(blond)<\/p>\n<\/td>\n<\/tr>\n<tr>\n<td rowspan=\"2\" width=\"25%\">\n<p class=\"l\"><strong>Cora z Paralovey Zahrady CS<\/strong><br \/>\n(czarna podpalana)<\/p>\n<\/td>\n<td width=\"25%\">\n<p class=\"l\">Ch.CS Sieger<br \/>\n<strong> <a>Etienne v. Blauen Band<\/a><\/strong><br \/>\n(blond)<\/p>\n<\/td>\n<\/tr>\n<tr>\n<td width=\"25%\">\n<p class=\"l\">ZM<br \/>\n<strong> <a>Fee v. Siegfriedshof<\/a><\/strong><br \/>\n(czarna podpalana)<\/p>\n<\/td>\n<\/tr>\n<tr>\n<td rowspan=\"8\" width=\"25%\">\n<p class=\"l\">KORAD HD-UA<br \/>\n<strong> <a>Avrafastes Brie<\/a><\/strong><br \/>\n(czarna podpalana)<\/p>\n<\/td>\n<td rowspan=\"4\" width=\"25%\">\n<p class=\"l\">KORAD HD-UA<br \/>\n<strong><a>Lintrollets Qarrasco<\/a><\/strong><br \/>\n(czarny podpalany)<\/p>\n<\/td>\n<td rowspan=\"2\" width=\"25%\">\n<p class=\"l\">HD-UA<br \/>\n<strong><a>Hoffen-Hill&#8217;s Hjippie of Tassamigo<\/a><\/strong><br \/>\n(czarny podpalany)<\/p>\n<\/td>\n<td width=\"25%\">\n<p class=\"l\">INTUCH IHFCH NORDUCH<br \/>\nKORAD HD-UA<br \/>\n<strong><a>Lintrollets Djingis Khan<\/a><\/strong><br \/>\n(czarny podpalany)<\/p>\n<\/td>\n<\/tr>\n<tr>\n<td width=\"25%\">\n<p class=\"l\">LP HD-UA<br \/>\n<strong><a>Angira von Tanneneck<\/a><\/strong><br \/>\n(czarna podpalana)<\/p>\n<\/td>\n<\/tr>\n<tr>\n<td rowspan=\"2\" width=\"25%\">\n<p class=\"l\">LP SV-93 NV-91 INTUCH NUCH SUCH<br \/>\nHD-UA<br \/>\n<strong><a>Lintrollets Jenna<\/a><\/strong><br \/>\n(czarna podpalana)<\/p>\n<\/td>\n<td width=\"25%\">\n<p class=\"l\">KORAD HD-UA<br \/>\n<strong>Lintrollets Gregory Peck<\/strong><br \/>\n(czarny podpalany)<\/p>\n<\/td>\n<\/tr>\n<tr>\n<td width=\"25%\">\n<p class=\"l\">HD-UA<br \/>\n<strong><a>Lara von der Ehrenpforte<\/a><\/strong><br \/>\n(czarna podpalana)<\/p>\n<\/td>\n<\/tr>\n<tr>\n<td rowspan=\"4\" width=\"25%\">\n<p class=\"l\">NUCH KORAD HD-UA<br \/>\n<strong><a>Hovriket&#8217;s Glimma av Quick<\/a><\/strong><br \/>\n(czarna podpalana)<\/p>\n<\/td>\n<td rowspan=\"2\" width=\"25%\">\n<p class=\"l\">KORAD HD-UA<br \/>\n<strong><a>Elixier&#8217;s Quick<\/a><\/strong><br \/>\n(czarny podpalany)<\/p>\n<\/td>\n<td width=\"25%\">\n<p class=\"l\">KORAD HD-UA<br \/>\n<strong><a>Hoffen-Hills Black Hjuno Hasso-Son<\/a><\/strong><br \/>\n(czarny podpalany)<\/p>\n<\/td>\n<\/tr>\n<tr>\n<td width=\"25%\">\n<p class=\"l\">HD-UA<br \/>\n<strong><a>Elixiers Nadja<\/a><\/strong><br \/>\n(czarna podpalana)<\/p>\n<\/td>\n<\/tr>\n<tr>\n<td rowspan=\"2\" width=\"25%\">\n<p class=\"l\">HD-UA<br \/>\n<strong><a>Hovriket&#8217;s Doriz Day<\/a><\/strong><br \/>\n(blond)<\/p>\n<\/td>\n<td width=\"25%\">\n<p class=\"l\">KORAD HD-UA<br \/>\n<strong><a>Vitterklippens Ruff<\/a><\/strong><br \/>\n(czarny)<\/p>\n<\/td>\n<\/tr>\n<tr>\n<td width=\"25%\">\n<p class=\"l\">HD-UA<br \/>\n<strong><a>Blondie<\/a><\/strong><br \/>\n(blond)<\/p>\n<\/td>\n<\/tr>\n<\/tbody>\n<\/table>\n<p><strong>Avrafastes Kennel<\/strong><\/p>\n<hr size=\"1\">\n<table border=\"0\" width=\"95%\" align=\"center\">\n<tbody>\n<tr>\n<td width=\"15%\">\n<p class=\"l\"><strong>Breed:<\/strong><\/p>\n<\/td>\n<td width=\"85%\">\n<p class=\"l\"><strong>Hovawart<\/strong><\/p>\n<\/td>\n<\/tr>\n<tr>\n<td width=\"15%\">\n<p class=\"l\"><strong>Owner:<\/strong><\/p>\n<\/td>\n<td width=\"85%\">\n<p class=\"l\"><strong>Hege B.E. Nordstrand<\/strong><\/p>\n<\/td>\n<\/tr>\n<tr>\n<td width=\"15%\">\n<p class=\"l\"><strong>Address:<\/strong><\/p>\n<\/td>\n<td width=\"85%\">\n<p class=\"l\"><strong>Wergelandsgate 5<\/strong><\/p>\n<\/td>\n<\/tr>\n<tr>\n<td width=\"15%\">\n<p class=\"l\"><strong>City:<\/strong><\/p>\n<\/td>\n<td width=\"85%\">\n<p class=\"l\"><strong>3019 Drammen<\/strong><\/p>\n<\/td>\n<\/tr>\n<tr>\n<td width=\"15%\">\n<p class=\"l\"><strong>Website:<\/strong><\/p>\n<\/td>\n<td width=\"85%\">\n<p class=\"l\"><strong><a href=\"http:\/\/avrafaste.lean.as\/\" target=\"_blank\" rel=\"noopener\">http:\/\/avrafaste.lean.as\/<\/a><\/strong><\/p>\n<\/td>\n<\/tr>\n<tr>\n<td width=\"15%\">\n<p class=\"l\"><strong>Email:<\/strong><\/p>\n<\/td>\n<td width=\"85%\">\n<p class=\"l\"><strong><a href=\"mailto:kennel.avrafaste@sensewave.com\">kennel.avrafaste@sensewave.com<\/a><\/strong><\/p>\n<\/td>\n<\/tr>\n<\/tbody>\n<\/table>\n<p class=\"j\">Dottir is from D-litter from Avrafaste Kennel. Dottir is a Daughter of Korad Avrafastes Brie (Frida) (Korad Lintrollets Qarrasco and Nuch Korad Hovrikets Glimma av Quick) and Tan IPO1 Int.Ch. Pl.Ch. Lux.Ch. D.Ch. Aggy Oldtyr. Aggy is a powerful, blond, Polish male with several show merits. He has merits in obedience and IPO as well. You can read more about Aggy on his website <a href=\"http:\/\/www.hovawart-pl.com\/\" target=\"_blank\" rel=\"noopener\"><strong>http:\/\/www.hovawart-pl.com\/<\/strong><\/a>. Frida is a lively and cooperative dog with good work ethics. You can read about Kennel on this website: <a href=\"http:\/\/avrafaste.lean.as\/\" target=\"_blank\" rel=\"noopener\"><strong>http:\/\/avrafaste.lean.as\/<\/strong><\/a><\/p>\n<p class=\"j\"><strong>&nbsp;<\/strong><\/p>\n<p><span style=\"line-height: normal; -webkit-border-horizontal-spacing: 2px; -webkit-border-vertical-spacing: 2px; font-size: small;\">&nbsp;<\/span><\/p>\n<p class=\"c\">&nbsp;<\/p>\n<p class=\"c\">&nbsp;<\/p>\n<p class=\"c\">&nbsp;<\/p>\n<p class=\"c\">&nbsp;<\/p>\n<p class=\"c\">&nbsp;<\/p>\n<p class=\"c\">&nbsp;<\/p>\n<p class=\"c\">&nbsp;<\/p>\n<p class=\"c\">&nbsp;<\/p>\n<p class=\"c\">&nbsp;<\/p>\n<p class=\"c\">&nbsp;<\/p>\n<p class=\"c\">&nbsp;<\/p>\n<p class=\"c\">&nbsp;<\/p>\n<p class=\"c\">&nbsp;<\/p>\n<p class=\"c\">&nbsp;<\/p>\n<p class=\"c\">&nbsp;<\/p>\n<p class=\"c\">&nbsp;<\/p>\n<p class=\"c\">&nbsp;<\/p>\n<p class=\"c\">&nbsp;<\/p>\n<p class=\"c\">&nbsp;<\/p>\n<p class=\"c\">&nbsp;<\/p>\n<p class=\"c\">&nbsp;<\/p>\n<p class=\"c\">&nbsp;<\/p>\n<p class=\"c\">&nbsp;<\/p>\n<p class=\"c\">&nbsp;<\/p>\n<p class=\"c\">&nbsp;<\/p>\n<p class=\"c\">&nbsp;<\/p>\n","protected":false},"excerpt":{"rendered":"<p>In Memoriam Nazywam si\u0119 Dottir, co znaczy po islandzku c\u00f3rka. Moi rodzice to Korad Avrafastes Brie oraz Aggy Oldtyr. (Ale prawdziwy rodzic to m\u00f3j pan, Justyn, dla kt\u00f3rego sta\u0142am si\u0119 kolejna c\u00f3rk\u0105). Pan mnie straszliwie rozpuszcza. I moja Pani Ania tez. Mam tez druga&nbsp; pa\u0144ci\u0119&nbsp; Ani\u0119, kt\u00f3ra zabiera mnie czasem do siebie na weekendy.&nbsp; My\u015bli, [&hellip;]<\/p>\n","protected":false},"author":2,"featured_media":0,"parent":0,"menu_order":40,"comment_status":"open","ping_status":"open","template":"","meta":{"ngg_post_thumbnail":0,"footnotes":""},"class_list":["post-35","page","type-page","status-publish","hentry"],"_links":{"self":[{"href":"https:\/\/www.depo.pl\/index.php?rest_route=\/wp\/v2\/pages\/35","targetHints":{"allow":["GET"]}}],"collection":[{"href":"https:\/\/www.depo.pl\/index.php?rest_route=\/wp\/v2\/pages"}],"about":[{"href":"https:\/\/www.depo.pl\/index.php?rest_route=\/wp\/v2\/types\/page"}],"author":[{"embeddable":true,"href":"https:\/\/www.depo.pl\/index.php?rest_route=\/wp\/v2\/users\/2"}],"replies":[{"embeddable":true,"href":"https:\/\/www.depo.pl\/index.php?rest_route=%2Fwp%2Fv2%2Fcomments&post=35"}],"version-history":[{"count":3,"href":"https:\/\/www.depo.pl\/index.php?rest_route=\/wp\/v2\/pages\/35\/revisions"}],"predecessor-version":[{"id":889,"href":"https:\/\/www.depo.pl\/index.php?rest_route=\/wp\/v2\/pages\/35\/revisions\/889"}],"wp:attachment":[{"href":"https:\/\/www.depo.pl\/index.php?rest_route=%2Fwp%2Fv2%2Fmedia&parent=35"}],"curies":[{"name":"wp","href":"https:\/\/api.w.org\/{rel}","templated":true}]}}