
{"id":36,"date":"2008-01-22T16:29:05","date_gmt":"2008-01-22T14:29:05","guid":{"rendered":"http:\/\/www.depo.pl\/wordpress\/?page_id=36"},"modified":"2019-01-29T23:04:40","modified_gmt":"2019-01-29T21:04:40","slug":"koty","status":"publish","type":"page","link":"https:\/\/www.depo.pl\/?page_id=36","title":{"rendered":"Koty"},"content":{"rendered":"<p class=\"j\"><strong>In Memoriam<\/strong><\/p>\n<p class=\"j\"><strong>Batman<\/strong> jest kotem rasy europejskiej. Jest bardzo skoczny i lotny, st\u0105d jego imi\u0119. Ma\u015b\u0107 pr\u0119gowana, z bia\u0142ymi skarpetkami i krawatem. Urodzi\u0142 si\u0119 14.04.2002 jako pierwszy w miocie, co znajduje odbicie w jego zdecydowanym charakterze. Od pocz\u0105tku okaza\u0142 si\u0119 bardzo \u017cywym, pr\u0119\u017cnym kotem, walcz\u0105cym o swoje miejsce w stadzie. Jest zdecydowanym numerem jeden, ustawi\u0142 <a href=\"https:\/\/www.depo.pl\/Depo\/rhu.html\"><strong>Rhu<\/strong><\/a> i <a href=\"https:\/\/www.depo.pl\/Depo\/nikita.html\"><strong>Nikit\u0119<\/strong><\/a>, podporz\u0105dkowa\u0142 sobie r\u00f3wnie\u017c <a href=\"https:\/\/www.depo.pl\/Depo\/dottir.html\"><strong>Dottir<\/strong><\/a>. Jak to kot, chodzi w\u0142asnymi drogami, znika na kilkana\u015bcie godzin, nawet dni, \u015bpi gdzie popadnie, ale najcz\u0119\u015bciej na \u0142\u00f3\u017cku z pa\u0144stwem. Lubi pieszczoty, lecz sam wybiera moment, kiedy nale\u017cy go g\u0142aska\u0107 i drapa\u0107. Kiedy mia\u0142 8 tygodni, z\u0142apa\u0142 pierwsza mysz. Dorobi\u0142 si\u0119 &#8211; jako jedyny &#8211; w\u0142asnego wej\u015bcia na ganek.<\/p>\n<p class=\"c\">&nbsp;<\/p>\n<p class=\"c\">&nbsp;<\/p>\n<p class=\"c\">&nbsp;<\/p>\n<p class=\"j\"><strong>\u0141apka<\/strong> jest kotk\u0105 rasy europejskiej. Pr\u0119gowana ca\u0142a, z trzema bia\u0142ymi \u0142apkami i jedn\u0105 pr\u0119gowan\u0105, st\u0105d imi\u0119. Urodzi\u0142a si\u0119 &#8230;. w Lublinie, ale postanowi\u0142a wyemigrowa\u0107 do Warszawy. I tutaj znalaz\u0142a dom oraz kocio-psie towarzystwo. Pierwsze chwile by\u0142y stresuj\u0105ce bardzo, gdy\u017c w jej \u015bwiecie pojawi\u0142y si\u0119 psy, zdziwione now\u0105 lokatork\u0105. Ale zosta\u0142y ofuczone i setery uzna\u0142y, \u017ce lepiej nie zaczyna\u0107 z maluchem. Dottir oczywi\u015bcie natychmiast chcia\u0142a si\u0119 bawi\u0107, lecz \u0141apka nie zaakceptowa\u0142a zaproszenia do zabawy i postanowi\u0142a po kociemu \u017cy\u0107 obok ps\u00f3w. Batman si\u0119 zdziwi\u0142 bardzo, \u017ce jest kolejny pretendent do \u0142\u00f3\u017cka pa\u0144stwa i do miski z jedzeniem. No i \u017ce b\u0119dzie korzysta\u0142a z JEGO prywatnego wej\u015bcia do domu. Poniewa\u017c jednak \u0141apka jest dam\u0105, wi\u0119c postanowi\u0142 ust\u0105pi\u0107 jej troch\u0119 przestrzeni. \u0141apka jest bardzo rezolutna i jeszcze wi\u0119kszy pieszczoch ni\u017c Batman.<\/p>\n<p class=\"c\">&nbsp;<\/p>\n<hr size=\"1\">\n<p><span style=\"line-height: normal; -webkit-border-horizontal-spacing: 2px; -webkit-border-vertical-spacing: 2px; font-size: small;\">&nbsp;<\/span><\/p>\n<p class=\"j\"><strong>Findus(a)<\/strong> Pojawi\u0142am si\u0119 w domu przypadkowo. Razem z rodze\u0144stwem: Klar\u0105, Mordk\u0105 i Plamk\u0105. One wyemigrowa\u0142y do dobrych ludzi, ja zosta\u0142am z mam\u0105, wujkiem Batmanem, pa\u0144stwem i tymi du\u017cymi sier\u015bciuchami. Na pocz\u0105tku nazywano mnie Ogonek &#8211; jak si\u0119 przyjrzycie zdj\u0119ciom, zobaczycie, \u017ce mam bia\u0142e skarpetki, bia\u0142\u0105 kamizelk\u0119 i bia\u0142y ogonek. P\u00f3\u017aniej zmieniono mi imi\u0119 na Findus. To drugie bardziej pasuje do mojej eleganckiej sylwetki.<\/p>\n<p class=\"j\">Lubi\u0119 rozrabia\u0107, chodzi\u0107 na spacery z pa\u0144stwem, kiedy id\u0105 z sier\u015bciuchami. Mama i wujek Batman te\u017c czasem spaceruj\u0105 z nami. Ale ja najcz\u0119\u015bciej.<\/p>\n<p class=\"j\">Odwiedzaj\u0105 nas moje siostry, <strong>Klara i Mordka<\/strong>. Rozpuszczone mieszczuchy. Myszy nie potrafi\u0105 z\u0142apa\u0107. Tez mi koty&#8230; My\u015bl\u0105, \u017ce im wszystko wolno. Nie! To M\u00d3J dom i nie b\u0119d\u0105 podskakiwa\u0107. Oj, jak\u0105 im daj\u0119 szko\u0142\u0119. Wieczorem jeste\u015bmy tak zm\u0119czeni, \u017ce \u015bpimy do rana. Ja na g\u00f3rze, z pa\u0144stwem ( pan si\u0119 rozpycha, wiec wole sypia\u0107 z pani\u0105), siostry na dole.<\/p>\n<p class=\"j\">( Zdradz\u0119 wam tajemnice: pa\u0144stwo d\u0142ugo nie wiedzieli, czy jestem &#8220;on&#8221; czy &#8220;ona&#8221;. Nie u\u0142atwia\u0142am im \u017cycia, wi\u0119c dali mi imi\u0119 m\u0119skie. Jestem jednak eleganck\u0105 kotk\u0105, cha, cha, cha&#8230;. i przyjaciele m\u00f3wi\u0105 do mnie Findusa ) . No, udowodni\u0142am wszystkim . Moje dziecko ma na imie Orlanda .( Tatusiem jest Batman . ) . Orlanda b\u0119dzie mieszka\u0107 niedaleko nas, w domu obok, wi\u0119c b\u0119dziemy razem polowa\u0107 na myszy.<\/p>\n<p class=\"j\">&#8212;&#8212;&#8212;&#8212;&#8212;&#8212;&#8212;&#8212;&#8212;&#8212;&#8212;&#8212;<\/p>\n<p class=\"j\">Klara i Eri to dwie nastepne mieszkanki<\/p>\n<p class=\"j\">&nbsp;<\/p>\n<p class=\"c\">&nbsp;<\/p>\n<h2>&nbsp;<\/h2>\n<p class=\"c\">&nbsp;<\/p>\n","protected":false},"excerpt":{"rendered":"<p>In Memoriam Batman jest kotem rasy europejskiej. Jest bardzo skoczny i lotny, st\u0105d jego imi\u0119. Ma\u015b\u0107 pr\u0119gowana, z bia\u0142ymi skarpetkami i krawatem. Urodzi\u0142 si\u0119 14.04.2002 jako pierwszy w miocie, co znajduje odbicie w jego zdecydowanym charakterze. Od pocz\u0105tku okaza\u0142 si\u0119 bardzo \u017cywym, pr\u0119\u017cnym kotem, walcz\u0105cym o swoje miejsce w stadzie. Jest zdecydowanym numerem jeden, ustawi\u0142 [&hellip;]<\/p>\n","protected":false},"author":2,"featured_media":0,"parent":0,"menu_order":30,"comment_status":"open","ping_status":"open","template":"","meta":{"ngg_post_thumbnail":0,"footnotes":""},"class_list":["post-36","page","type-page","status-publish","hentry"],"_links":{"self":[{"href":"https:\/\/www.depo.pl\/index.php?rest_route=\/wp\/v2\/pages\/36","targetHints":{"allow":["GET"]}}],"collection":[{"href":"https:\/\/www.depo.pl\/index.php?rest_route=\/wp\/v2\/pages"}],"about":[{"href":"https:\/\/www.depo.pl\/index.php?rest_route=\/wp\/v2\/types\/page"}],"author":[{"embeddable":true,"href":"https:\/\/www.depo.pl\/index.php?rest_route=\/wp\/v2\/users\/2"}],"replies":[{"embeddable":true,"href":"https:\/\/www.depo.pl\/index.php?rest_route=%2Fwp%2Fv2%2Fcomments&post=36"}],"version-history":[{"count":2,"href":"https:\/\/www.depo.pl\/index.php?rest_route=\/wp\/v2\/pages\/36\/revisions"}],"predecessor-version":[{"id":890,"href":"https:\/\/www.depo.pl\/index.php?rest_route=\/wp\/v2\/pages\/36\/revisions\/890"}],"wp:attachment":[{"href":"https:\/\/www.depo.pl\/index.php?rest_route=%2Fwp%2Fv2%2Fmedia&parent=36"}],"curies":[{"name":"wp","href":"https:\/\/api.w.org\/{rel}","templated":true}]}}