
{"id":44,"date":"2008-04-08T20:07:42","date_gmt":"2008-04-08T18:07:42","guid":{"rendered":"http:\/\/www.depo.pl\/wordpress\/?page_id=44"},"modified":"2010-10-27T09:54:11","modified_gmt":"2010-10-27T08:54:11","slug":"galeria-testowa-2","status":"publish","type":"page","link":"https:\/\/www.depo.pl\/?page_id=44","title":{"rendered":"Rhu Sunset Extravaganza  -In Memoriam"},"content":{"rendered":"<p class=\"moz-text-html\" lang=\"x-central-euro\"><a title=\"Poza wystawowa.JPG\" href=\"https:\/\/www.depo.pl\/wordpress\/wp-content\/uploads\/2008\/08\/s7300953.JPG\"><img loading=\"lazy\" decoding=\"async\" src=\"https:\/\/www.depo.pl\/wordpress\/wp-content\/uploads\/2008\/08\/s7300953.JPG\" alt=\"Poza wystawowa.JPG\" width=\"470\" height=\"433\" \/><\/a><\/p>\n<p class=\"moz-text-html\" lang=\"x-central-euro\"><strong>24 sierpnia 2008 <\/strong> odesz\u0142a do krainy wiecznych \u0142ow\u00f3w <strong>nasza ulubiona <a title=\"Rhu\" href=\"https:\/\/www.depo.pl\/wordpress\/?page_id=33\" target=\"_blank\">Rhu<\/a><\/strong>. Imi\u0119 jej znaczy po celtycku &#8220;czerwony, rudy&#8221; . I taka by\u0142a. Ruda-mahoniowa seterka irlandzka, wspania\u0142y przyk\u0142ad najlepszego, co setery maja do zaprezentowania. Ze wspania\u0142ym rodowodem,<strong> wywodzi\u0142a si\u0119 z najstarszej, zarejestrowanej linii seter\u00f3w.<\/strong> I jej pra-pra-pra&#8211; babka\u00a0 tez mia\u0142a na imi\u0119 Rhu.<\/p>\n<p class=\"moz-text-html\" lang=\"x-central-euro\"><a title=\"rodowod.jpg\" href=\"https:\/\/www.depo.pl\/wordpress\/wp-content\/uploads\/2008\/08\/rodowod-3.jpg\"><img loading=\"lazy\" decoding=\"async\" src=\"https:\/\/www.depo.pl\/wordpress\/wp-content\/uploads\/2008\/08\/rodowod-3.jpg\" alt=\"rodowod.jpg\" width=\"471\" height=\"544\" \/><\/a><\/p>\n<p>W naszym \u017cyciu pojawi\u0142a si\u0119 troch\u0119 niespodziewanie\u00a0 w 1998 roku . Szybko sta\u0142a si\u0119 pe\u0142noprawnym cz\u0142onkiem stada ludzkiego i toczy\u0142a z nami uparta walk\u0119 o pozycje w stadzie. Nie chcia\u0142a uzna\u0107, ze jest tylko psem, ona\u00a0 czu\u0142a si\u0119 co najmniej r\u00f3wna nam w hierarchii. Wyrasta\u0142a z <a title=\"Rdst\" href=\"https:\/\/www.depo.pl\/wordpress\/?page_id=8\" target=\"_blank\">Radiostacja<\/a>, kt\u00f3ra budowa\u0142em\u00a0 wbrew wszystkim i wszystkiemu w latach 1998-2000.\u00a0 Rhu &#8220;obsikiwa\u0142a&#8221; skutecznie swoje pole.\u00a0 80 os\u00f3b z Zespo\u0142u Radiostacji by\u0142o przez ni\u0105 traktowane z wy\u017cszo\u015bci\u0105. Uk\u0142ada\u0142a si\u0119 w pozycji &#8220;kr\u00f3lewskiej&#8221; na \u015brodku korytarza i wymaga\u0142a, \u017ceby ka\u017cdy ja omija\u0142.\u00a0 Lub zabiera\u0142 na spacer, kiedy wychodzi\u0142 na papierosa. Uparta by\u0142a bardzo, zam\u0119cza\u0142a &#8220;wyprowadzaj\u0105cych&#8221;, dawa\u0142a im w ko\u015b\u0107, domagaj\u0105c si\u0119 g\u0142o\u015bno zabawy. Park w centrum Warszawy, obok siedziby Radiostacji na Konopnickiej, za Hotelem Sheraton, to by\u0142o jej &#8220;zabawowisko&#8221; . Wyprowadza\u0142a tez na spacer Paw\u0142a Sito\u00a0 a on b\u0119d\u0105c lekko za\u017cenowany , ze to pies go wyprowadza do parku,\u00a0 zamiast &#8220;Rhu&#8221; wola\u0142 na ni\u0105 : &#8220;Kruczek&#8221;. Tak, historia Radiostacji na zawsze b\u0119dzie zwi\u0105zana z Rhu. I &#8220;obsika\u0142a&#8221; tez druga firm\u0119, budowana przez mnie. Tele 2 budowa\u0142em tez z ni\u0105, lez\u0105c\u0105 na \u015brodku biura, bacznie obserwuj\u0105c\u0105, kto i co robi, czy przypadkiem nie ominie jej jakie\u015b jedzenie albo spacer. Wyst\u0105pi\u0142a nawet dobrowolnie w reklamie Tele 2, budz\u0105c \u015bmieszne dla niej protesty Towarzystwa Opieki nad Zwierz\u0119tami.<\/p>\n<p>Nas traktowa\u0142a jako swoich partner\u00f3w. Podporz\u0105dkowa\u0142a nasze \u017cycie sobie. To dla niej zacz\u0119li\u015bmy regularnie chodzi\u0107 na spacer, to dla niej znale\u017ali\u015bmy miejsce pod Warszawa, z lakami i lasami. I codziennie, bez wzgl\u0119du na pogod\u0119, przemierzali\u015bmy samochodem kilkana\u015bcie kilometr\u00f3w, \u017ceby wraz z ni\u0105 ugania\u0107 si\u0119 po wertepach i duktach le\u015bnych. Pieszo lub rowerem. Sami lub z zaprzyja\u017anionymi Aggym, Connym , p\u00f3\u017aniej Steamym.\u00a0 Osiedli\u015bmy na jej <a title=\"Wiosenna\" href=\"http:\/\/www.ulicawiosenna.pl\/?page_id=74\" target=\"_blank\">terenach \u0142owieckich<\/a>.<\/p>\n<p><a title=\"w zimie.JPG\" href=\"https:\/\/www.depo.pl\/wordpress\/wp-content\/uploads\/2008\/08\/s7300361.JPG\"><img loading=\"lazy\" decoding=\"async\" src=\"https:\/\/www.depo.pl\/wordpress\/wp-content\/uploads\/2008\/08\/s7300361.JPG\" alt=\"w zimie.JPG\" width=\"470\" height=\"355\" \/><\/a><\/p>\n<p>I dzi\u0119ki Rhu nasze stado powi\u0119kszy\u0142o si\u0119 do\u00a0 trzech ps\u00f3w oraz pi\u0119ciu kot\u00f3w.<\/p>\n<p>Spacerowali\u015bmy z ni\u0105\u00a0 ( i podporz\u0105dkowanymi jej\u00a0 innymi cz\u0142onkami stada, czasem byli to nasi go\u015bcie \ud83d\ude09 ) kilka razy dziennie. Od rana do wieczora.<\/p>\n<p><!-- e { size: 21cm 29.7cm; margin: 2cm } \t\tP { margin-bottom: 0.21cm } --><\/p>\n<p>By\u0142a inteligentnym psem, nie chcia\u0142a zadawa\u0107 si\u0119\u00a0 z innymi &#8220;burkami&#8221;. Bawi\u0142a si\u0119 tylko z nami lub prowokowa\u0142a inne psy do ujadania a sama przygl\u0105da\u0142a si\u0119, jak jej siostry ganiaj\u0105 wzd\u0142u\u017c p\u0142otu, obszczekuj\u0105c intruz\u00f3w. Przy posi\u0142kach dba\u0142a , \u017ceby za\u0142apa\u0107 si\u0119 na najlepsze kaski. Posi\u0142kach naszych, oczywi\u015bcie. Psie jedzenie &#8211; nie,\u00a0 nie by\u0142o dla\u00a0 niej. Demonstrowa\u0142a czasem, jak ona zmusza si\u0119 do jedzenia psich chrupkow.\u00a0 W\u015br\u00f3d go\u015bci szybko znajdowa\u0142a &#8220;najs\u0142absze ogniwo&#8221; i biada temu, kto nabra\u0142 si\u0119 na jej niewinn\u0105 mine. Odst\u0119powa\u0142 jej swoje jedzenie lub zajmowa\u0142 si\u0119 ni\u0105 , drapi\u0105c i g\u0142adz\u0105c ja d\u0142ugo, bardzo d\u0142ugo&#8230;<\/p>\n<p><a title=\"Zajeli mi  fotel\" href=\"https:\/\/www.depo.pl\/wordpress\/wp-content\/uploads\/2008\/08\/dsc02594.JPG\"><img loading=\"lazy\" decoding=\"async\" src=\"https:\/\/www.depo.pl\/wordpress\/wp-content\/uploads\/2008\/08\/dsc02594.JPG\" alt=\"Zajeli mi  fotel\" width=\"470\" height=\"356\" \/><\/a><\/p>\n<p>Uwielbia\u0142a b\u0142yszczyk do ust. Taki kobiecy, zwyk\u0142y b\u0142yszczyk. Zawsze domaga\u0142a si\u0119 go od mojej c\u00f3rki, zwanej <a title=\"About the Travel around the World\" href=\"http:\/\/berenika.pl\/\" target=\"_blank\">pani\u0105 Dochodz\u0105ca<\/a>.<\/p>\n<p><a title=\"Maluje pyszczek  blyszczykiem.JPG\" href=\"https:\/\/www.depo.pl\/wordpress\/wp-content\/uploads\/2008\/08\/s7301062.JPG\"><img loading=\"lazy\" decoding=\"async\" src=\"https:\/\/www.depo.pl\/wordpress\/wp-content\/uploads\/2008\/08\/s7301062.JPG\" alt=\"Maluje pyszczek  blyszczykiem.JPG\" width=\"472\" height=\"355\" \/><\/a><\/p>\n<p>Uparta by\u0142a tez niesamowicie. Podczas zabawy specjalnie rzuca\u0142em tak pi\u0142k\u0119, \u017ceby nie mogla jej znale\u017a\u0107. Potrafi\u0142a szuka\u0107 kilkana\u015bcie minut a\u017c wreszcie dumnie przynosi\u0142a i zabawa zaczyna\u0142a si\u0119 od pocz\u0105tku&#8230;czasem mia\u0142em wra\u017cenie, ze to ona kieruje zabawa i to ja przynosz\u0119 jej zabawki.To ona wybiera\u0142a najwi\u0119kszy drag do zabawy&#8230; ma\u0142e patyczki si\u0119 nie liczy\u0142y. To ona cz\u0119sto wybiera\u0142a drog\u0119 spaceru, to ona prowadzi\u0142a stado, poszczekuj\u0105c na nas: szybciej,szybciej, maruderzy.\u00a0\u00a0 Wiedzia\u0142a, kiedy dojrzewaj\u0105 mirabelki, \u015bliwki, jab\u0142ka. Nie , nie jada\u0142a. Zatrzymywa\u0142a si\u0119 pod drzewem i szczeka\u0142a, \u017ceby je zrywa\u0107 i rzuca\u0107.Uwielbia\u0142a \u0142apa\u0107 je w powietrzu lub biega\u0107 za rzuconym jab\u0142kiem. Dumna by\u0142a, kiedy z\u0142apa\u0142a jab\u0142ko za ogonek i tak maszerowa\u0142a setkami metr\u00f3w, nie wypuszczaj\u0105c jab\u0142ka z pyska.<br \/>\nZna\u0142a miejsce pobytu dy\u017curnych zaj\u0119cy, saren, dzik\u00f3w. Nie, nie polowa\u0142a.By\u0142a ponad to. Jednak pogoni\u0107 zaj\u0105ca\u00a0 treningowo czasem musia\u0142a. Dla zdrowia zaj\u0105ce. I swojego.<br \/>\nUparcie tez walczy\u0142a o prawo wej\u015bcia na kanap\u0119 i na \u0142\u00f3zko. I czasem wygrywa\u0142a\u00a0 z nami&#8230;<\/p>\n<p>Mogliby\u015bmy opowiada\u0107 o niej godzinami, tak wiele wnios\u0142a do naszego \u017cycia. O jej potrzebie dominacji, o jej upartym charakterze. O tym, jak po zdobyciu na wystawach w Polsce i poza granicami 14 ocen &#8221; Doskona\u0142a &#8221; poprosi\u0142a, \u017ceby jej ju\u017c nie m\u0119czy\u0107 jazdami na wystawy.\u00a0 O tym, jak po za\u017cyciu 3 aviomarin\u00f3w przed jedna z podro\u017cy &#8211; jakich nie znosi\u0142a &#8211; na pierwszym postoju posz\u0142a&#8221;\u00a0 obszuka\u0107 nowy teren&#8221;\u00a0 i nie by\u0142o jej godzin\u0119 a my umierali\u015bmy ze strachu, ze nam zgin\u0119\u0142a. Wr\u00f3ci\u0142a, jak gdyby nigdy nic, ze spojrzeniem:\u00a0 &#8220;ja przecie\u017c doskonale wiedzia\u0142am, gdzie jeste\u015bcie&#8221;.\u00a0 O szelmowskim spojrzeniu, kt\u00f3re zawsze zapowiada\u0142o : &#8221; I co mi teraz zrobicie? Znalaz\u0142am psi Chanel nr. 5, pachn\u0119 a wy? \u015bmierdzicie tymi perfumami i nie wiecie, co to klasa &#8221; . O zabawach z Aggym i Connym . O upartym wy\u0142awianiu kamieni z wody&#8230; O ludziach, kt\u00f3rych sobie podporz\u0105dkowa\u0142a &#8211; a by\u0142o ich wielu, bardzo wielu&#8230;ile razy slyszelismy od znajomych: &#8221; To moja ulubiona seterka &#8220;.<\/p>\n<p>By\u0142a nasza wielka rado\u015bci\u0105. Naprawd\u0119 zawdzi\u0119czamy jej wiele. Zmian\u0119 trybu \u017cycia, zmian\u0119 zwyczaj\u00f3w, i zmian\u0119 spojrzenia na zwierz\u0119ta. Nie wyobra\u017camy sobie \u017cycia bez nich. Nawet je\u015bli brudz\u0105, chlapi\u0105, trzeba si\u0119 nimi zajmowa\u0107.. ale sta\u0142y si\u0119 cz\u0119\u015bci\u0105 naszego \u017cycia.<\/p>\n<p><strong>Dzi\u0119ki\u00a0 niej, naszej ukochanej, rudej seterce Rhu. Odesz\u0142a za wcze\u015bnie.<\/strong> Nie da\u0142o si\u0119 jej uratowa\u0107.. lekarze robili , co mogli. Transfuzja krwi, kropl\u00f3wki, leki&#8230;postanowi\u0142a odej\u015b\u0107 i nikt nie m\u00f3g\u0142 jej w tym przeszkodzi\u0107&#8230;.jak zawsze postawi\u0142a na swoim&#8230;. i czeka na nas&#8230;na Wiecznie Zielonych Lowiskach? \u00a0  Nie, ona zaj\u0119\u0142a jak zwykle najlepsze miejsce na kanapie&#8230;<\/p>\n<p><strong>Zegnaj, Rhu. Naprawd\u0119 pusto bez Ciebie\u00a0 i\u00a0 brak nam Ciebie bardzo<\/strong>.<\/p>\n<p>In Memoriam<\/p>\n<p><a title=\"Portret\" href=\"https:\/\/www.depo.pl\/wordpress\/wp-content\/uploads\/2008\/08\/dsc02336-1.JPG\"><img decoding=\"async\" src=\"https:\/\/www.depo.pl\/wordpress\/wp-content\/uploads\/2008\/08\/dsc02336-1.JPG\" alt=\"Portret\" \/><\/a><\/p>\n<p>P.S 1:<\/p>\n<p class=\"message_next\">Grzesiu, b\u0119d\u0105cy szefem muzycznym Radiostacji, obecnie w Trojce, podczas swego programu &#8220;zagra\u0142 &#8221; dla Rhu jeden utw\u00f3r.<\/p>\n<p class=\"message_next\">P.S. 2.<\/p>\n<p class=\"message_next\">Kto\u015b znajacy Rhu z Tele 2 powiedzia\u0142\u00a0 o niej:<br \/>\n&#8221; &#8230; tyle lat razem,  zw\u0142aszcza ze by\u0142a taka&#8230; hmmm&#8230; ludzka&#8230;taka jak Pan opisa\u0142, jeszcze pami\u0119tam te akcje w Tele2 z  O&#8230;\u00a0 ( nielubianym szefie techniki) , nie zapomn\u0119 tego, to ju\u017c legenda przecie\u017c o znalezisku O&#8230;&#8230;\u00a0 pod  krzes\u0142em&#8230; <span style=\"font-weight: bold; color: #005fff;\">\ud83d\ude42<\/span><br \/>\ni  tak sobie my\u015bl\u0119, przez pryzmat opisu Rhu&#8230;, faktycznie potrafi\u0142a przekaza\u0107  swoje zdanie o czym\u015b\/kim\u015b&#8230; <span style=\"font-weight: bold; color: #005fff;\">\ud83d\ude42\u00a0 &#8220;<\/span><\/p>\n<p class=\"message_next\">P.S. 3<\/p>\n<p class=\"message_next\">&#8220;Kiedy smutny wracasz z miasta,<br \/>\nKiedy \u0142ami\u0119 ci si\u0119 g\u0142os-<br \/>\nCzarny niby czarna pasta<br \/>\nKo\u0142o ciebie kr\u0105\u017cy&#8230;Nos.<\/p>\n<p>Najpierw milczkiem, najpierw z dala,<br \/>\nPrzestrzegaj\u0105c regu\u0142 gry,<br \/>\nJak detektyw nos ustala,<br \/>\nSk\u0105d si\u0119 bierze nastr\u00f3j z\u0142y.<\/p>\n<p>Potem, gdy ju\u017c nos przyczyny<br \/>\nTwojej kwa\u015bnej miny zna<br \/>\nWie, \u017ce spos\u00f3b jest jedyny,<br \/>\nJedna rada&#8230; W\u0142a\u015bnie ta:<\/p>\n<p>Wspi\u0105\u0107 si\u0119 jak ro\u015blinka pn\u0105ca,<br \/>\nZliza\u0107 z twarzy krople \u0142ez&#8230;<br \/>\nNagle czujesz: pies ci\u0119 tr\u0105ca!<br \/>\nNosem tr\u0105ca Ci\u0119 tw\u00f3j pies!<\/p>\n<p>Ryszard Marek Gro\u0144ski<\/p>\n","protected":false},"excerpt":{"rendered":"<p>24 sierpnia 2008 odesz\u0142a do krainy wiecznych \u0142ow\u00f3w nasza ulubiona Rhu. Imi\u0119 jej znaczy po celtycku &#8220;czerwony, rudy&#8221; . I taka by\u0142a. Ruda-mahoniowa seterka irlandzka, wspania\u0142y przyk\u0142ad najlepszego, co setery maja do zaprezentowania. Ze wspania\u0142ym rodowodem, wywodzi\u0142a si\u0119 z najstarszej, zarejestrowanej linii seter\u00f3w. I jej pra-pra-pra&#8211; babka\u00a0 tez mia\u0142a na imi\u0119 Rhu. W naszym \u017cyciu [&hellip;]<\/p>\n","protected":false},"author":2,"featured_media":0,"parent":0,"menu_order":0,"comment_status":"open","ping_status":"open","template":"","meta":{"ngg_post_thumbnail":0,"footnotes":""},"class_list":["post-44","page","type-page","status-publish","hentry"],"_links":{"self":[{"href":"https:\/\/www.depo.pl\/index.php?rest_route=\/wp\/v2\/pages\/44","targetHints":{"allow":["GET"]}}],"collection":[{"href":"https:\/\/www.depo.pl\/index.php?rest_route=\/wp\/v2\/pages"}],"about":[{"href":"https:\/\/www.depo.pl\/index.php?rest_route=\/wp\/v2\/types\/page"}],"author":[{"embeddable":true,"href":"https:\/\/www.depo.pl\/index.php?rest_route=\/wp\/v2\/users\/2"}],"replies":[{"embeddable":true,"href":"https:\/\/www.depo.pl\/index.php?rest_route=%2Fwp%2Fv2%2Fcomments&post=44"}],"version-history":[{"count":3,"href":"https:\/\/www.depo.pl\/index.php?rest_route=\/wp\/v2\/pages\/44\/revisions"}],"predecessor-version":[{"id":843,"href":"https:\/\/www.depo.pl\/index.php?rest_route=\/wp\/v2\/pages\/44\/revisions\/843"}],"wp:attachment":[{"href":"https:\/\/www.depo.pl\/index.php?rest_route=%2Fwp%2Fv2%2Fmedia&parent=44"}],"curies":[{"name":"wp","href":"https:\/\/api.w.org\/{rel}","templated":true}]}}