
{"id":817,"date":"2010-10-11T13:46:03","date_gmt":"2010-10-11T12:46:03","guid":{"rendered":"http:\/\/www.depo.pl\/?page_id=817"},"modified":"2019-01-29T22:28:21","modified_gmt":"2019-01-29T20:28:21","slug":"berenika-2","status":"publish","type":"page","link":"https:\/\/www.depo.pl\/?page_id=817","title":{"rendered":"Berenika"},"content":{"rendered":"<p>Odesz\u0142a &nbsp;Moja Corka. &nbsp;Zostawi\u0142a&nbsp;nas,&nbsp;najbli\u017cszych, &nbsp; ze z\u0142amanym sercem. I pustka wok\u00f3\u0142.&nbsp;&nbsp;<\/p>\n<p>Kilka slow o niej &nbsp;jest <a href=\"http:\/\/www.marques.org\/Teams\/berenikadepo.asp?TeamCode=AmicTeam\" target=\"_blank\" rel=\"noopener\">&nbsp;tutaj<\/a>.<\/p>\n<p>Zdj\u0119cia&nbsp;z&nbsp;Pow\u0105zek&nbsp;&#8211; &nbsp;<a title=\"Powazki\" href=\"http:\/\/www.youtube.com\/watch?v=BVQAE4sxmvM\" target=\"_blank\" rel=\"noopener\">tutaj <\/a>.<\/p>\n<p>Bereniko, b\u0119d\u0119 Cie zawsze kocha\u0142 i pami\u0119ta\u0142.<\/p>\n","protected":false},"excerpt":{"rendered":"<p>Odesz\u0142a &nbsp;Moja Corka. &nbsp;Zostawi\u0142a&nbsp;nas,&nbsp;najbli\u017cszych, &nbsp; ze z\u0142amanym sercem. I pustka wok\u00f3\u0142.&nbsp;&nbsp; Kilka slow o niej &nbsp;jest &nbsp;tutaj. Zdj\u0119cia&nbsp;z&nbsp;Pow\u0105zek&nbsp;&#8211; &nbsp;tutaj . Bereniko, b\u0119d\u0119 Cie zawsze kocha\u0142 i pami\u0119ta\u0142.<\/p>\n","protected":false},"author":2,"featured_media":0,"parent":0,"menu_order":1,"comment_status":"open","ping_status":"open","template":"","meta":{"ngg_post_thumbnail":0,"footnotes":""},"class_list":["post-817","page","type-page","status-publish","hentry"],"_links":{"self":[{"href":"https:\/\/www.depo.pl\/index.php?rest_route=\/wp\/v2\/pages\/817","targetHints":{"allow":["GET"]}}],"collection":[{"href":"https:\/\/www.depo.pl\/index.php?rest_route=\/wp\/v2\/pages"}],"about":[{"href":"https:\/\/www.depo.pl\/index.php?rest_route=\/wp\/v2\/types\/page"}],"author":[{"embeddable":true,"href":"https:\/\/www.depo.pl\/index.php?rest_route=\/wp\/v2\/users\/2"}],"replies":[{"embeddable":true,"href":"https:\/\/www.depo.pl\/index.php?rest_route=%2Fwp%2Fv2%2Fcomments&post=817"}],"version-history":[{"count":6,"href":"https:\/\/www.depo.pl\/index.php?rest_route=\/wp\/v2\/pages\/817\/revisions"}],"predecessor-version":[{"id":883,"href":"https:\/\/www.depo.pl\/index.php?rest_route=\/wp\/v2\/pages\/817\/revisions\/883"}],"wp:attachment":[{"href":"https:\/\/www.depo.pl\/index.php?rest_route=%2Fwp%2Fv2%2Fmedia&parent=817"}],"curies":[{"name":"wp","href":"https:\/\/api.w.org\/{rel}","templated":true}]}}